{"id":19308,"date":"2025-02-19T17:19:01","date_gmt":"2025-02-19T20:19:01","guid":{"rendered":"https:\/\/nocodestartup.io\/?page_id=19308"},"modified":"2025-03-04T13:15:23","modified_gmt":"2025-03-04T16:15:23","slug":"course-materials-for-ia-agents-download","status":"publish","type":"page","link":"https:\/\/nocodestartup.io\/en\/course-materials-for-ia-agents-download\/","title":{"rendered":"[Materials] Free AI Agents Course [Thank You]"},"content":{"rendered":"<div data-elementor-type=\"wp-page\" data-elementor-id=\"19308\" class=\"elementor elementor-19308\" data-elementor-post-type=\"page\">\n\t\t\t\t<div class=\"elementor-element elementor-element-59621f9 e-flex e-con-boxed e-con e-parent\" data-id=\"59621f9\" data-element_type=\"container\" data-e-type=\"container\" data-settings=\"{&quot;background_background&quot;:&quot;classic&quot;}\">\n\t\t\t\t\t<div class=\"e-con-inner\">\n\t\t\t\t<div class=\"elementor-element elementor-element-ec3fa56 elementor-widget__width-initial elementor-widget elementor-widget-heading\" data-id=\"ec3fa56\" data-element_type=\"widget\" data-e-type=\"widget\" data-widget_type=\"heading.default\">\n\t\t\t\t<div class=\"elementor-widget-container\">\n\t\t\t\t\t<h1 class=\"elementor-heading-title elementor-size-default\"><span class=\"cor1\">AI Agents Course<\/span> Free for beginners<\/h1>\t\t\t\t<\/div>\n\t\t\t\t<\/div>\n\t\t\t\t<div class=\"elementor-element elementor-element-5d00d86 elementor-widget__width-initial elementor-widget elementor-widget-heading\" data-id=\"5d00d86\" data-element_type=\"widget\" data-e-type=\"widget\" data-widget_type=\"heading.default\">\n\t\t\t\t<div class=\"elementor-widget-container\">\n\t\t\t\t\t<h2 class=\"elementor-heading-title elementor-size-default\">Download here<\/h2>\t\t\t\t<\/div>\n\t\t\t\t<\/div>\n\t\t\t\t<div class=\"elementor-element elementor-element-5964868 elementor-widget elementor-widget-button\" data-id=\"5964868\" data-element_type=\"widget\" data-e-type=\"widget\" data-widget_type=\"button.default\">\n\t\t\t\t<div class=\"elementor-widget-container\">\n\t\t\t\t\t\t\t\t\t<div class=\"elementor-button-wrapper\">\n\t\t\t\t\t<a class=\"elementor-button elementor-button-link elementor-size-sm\" href=\"https:\/\/nocodestartup.io\/wp-content\/uploads\/2025\/02\/Curso-Agentes-de-IA-Gratuito.pdf\">\n\t\t\t\t\t\t<span class=\"elementor-button-content-wrapper\">\n\t\t\t\t\t\t\t\t\t<span class=\"elementor-button-text\">Click here<\/span>\n\t\t\t\t\t<\/span>\n\t\t\t\t\t<\/a>\n\t\t\t\t<\/div>\n\t\t\t\t\t\t\t\t<\/div>\n\t\t\t\t<\/div>\n\t\t\t\t\t<\/div>\n\t\t\t\t<\/div>\n\t\t<div class=\"elementor-element elementor-element-efbf01e e-con-full e-flex e-con e-parent\" data-id=\"efbf01e\" data-element_type=\"container\" data-e-type=\"container\" data-settings=\"{&quot;background_background&quot;:&quot;classic&quot;}\">\n\t\t<div class=\"elementor-element elementor-element-07b5fe4 e-flex e-con-boxed e-con e-child\" data-id=\"07b5fe4\" data-element_type=\"container\" data-e-type=\"container\" data-settings=\"{&quot;background_background&quot;:&quot;classic&quot;}\">\n\t\t\t\t\t<div class=\"e-con-inner\">\n\t\t\t\t<div class=\"elementor-element elementor-element-d105c9d elementor-widget elementor-widget-image-carousel\" data-id=\"d105c9d\" data-element_type=\"widget\" data-e-type=\"widget\" data-settings=\"{&quot;slides_to_show&quot;:&quot;8&quot;,&quot;autoplay_speed&quot;:0,&quot;speed&quot;:5000,&quot;image_spacing_custom&quot;:{&quot;unit&quot;:&quot;px&quot;,&quot;size&quot;:50,&quot;sizes&quot;:[]},&quot;navigation&quot;:&quot;none&quot;,&quot;slides_to_show_tablet_extra&quot;:&quot;4&quot;,&quot;slides_to_show_mobile_extra&quot;:&quot;3&quot;,&quot;slides_to_show_mobile&quot;:&quot;2&quot;,&quot;slides_to_show_tablet&quot;:&quot;3&quot;,&quot;autoplay&quot;:&quot;yes&quot;,&quot;infinite&quot;:&quot;yes&quot;,&quot;image_spacing_custom_widescreen&quot;:{&quot;unit&quot;:&quot;px&quot;,&quot;size&quot;:&quot;&quot;,&quot;sizes&quot;:[]},&quot;image_spacing_custom_laptop&quot;:{&quot;unit&quot;:&quot;px&quot;,&quot;size&quot;:&quot;&quot;,&quot;sizes&quot;:[]},&quot;image_spacing_custom_tablet_extra&quot;:{&quot;unit&quot;:&quot;px&quot;,&quot;size&quot;:&quot;&quot;,&quot;sizes&quot;:[]},&quot;image_spacing_custom_tablet&quot;:{&quot;unit&quot;:&quot;px&quot;,&quot;size&quot;:&quot;&quot;,&quot;sizes&quot;:[]},&quot;image_spacing_custom_mobile_extra&quot;:{&quot;unit&quot;:&quot;px&quot;,&quot;size&quot;:&quot;&quot;,&quot;sizes&quot;:[]},&quot;image_spacing_custom_mobile&quot;:{&quot;unit&quot;:&quot;px&quot;,&quot;size&quot;:&quot;&quot;,&quot;sizes&quot;:[]}}\" data-widget_type=\"image-carousel.default\">\n\t\t\t\t<div class=\"elementor-widget-container\">\n\t\t\t\t\t\t\t<div class=\"elementor-image-carousel-wrapper swiper\" role=\"region\" aria-roledescription=\"carousel\" aria-label=\"Image carousel\" dir=\"ltr\">\n\t\t\t<div class=\"elementor-image-carousel swiper-wrapper\" aria-live=\"off\">\n\t\t\t\t\t\t\t\t<div class=\"swiper-slide\" role=\"group\" aria-roledescription=\"slide\" aria-label=\"1 of 8\"><figure class=\"swiper-slide-inner\"><img decoding=\"async\" class=\"swiper-slide-image\" src=\"https:\/\/nocodestartup.io\/wp-content\/uploads\/2024\/07\/bubble-1.png\" alt=\"bubble\" \/><\/figure><\/div><div class=\"swiper-slide\" role=\"group\" aria-roledescription=\"slide\" aria-label=\"2 of 8\"><figure class=\"swiper-slide-inner\"><img decoding=\"async\" class=\"swiper-slide-image\" src=\"https:\/\/nocodestartup.io\/wp-content\/uploads\/2024\/07\/ChatGPT_logo.png\" alt=\"ChatGPT logo\" \/><\/figure><\/div><div class=\"swiper-slide\" role=\"group\" aria-roledescription=\"slide\" aria-label=\"3 of 8\"><figure class=\"swiper-slide-inner\"><img decoding=\"async\" class=\"swiper-slide-image\" src=\"https:\/\/nocodestartup.io\/wp-content\/uploads\/2024\/07\/flutteflowlogo.png\" alt=\"flutteflowlogo\" \/><\/figure><\/div><div class=\"swiper-slide\" role=\"group\" aria-roledescription=\"slide\" aria-label=\"4 of 8\"><figure class=\"swiper-slide-inner\"><img decoding=\"async\" class=\"swiper-slide-image\" src=\"https:\/\/nocodestartup.io\/wp-content\/uploads\/2024\/07\/framer-1.png\" alt=\"framer\" \/><\/figure><\/div><div class=\"swiper-slide\" role=\"group\" aria-roledescription=\"slide\" aria-label=\"5 of 8\"><figure class=\"swiper-slide-inner\"><img decoding=\"async\" class=\"swiper-slide-image\" src=\"https:\/\/nocodestartup.io\/wp-content\/uploads\/2024\/07\/GoogleAI.png\" alt=\"GoogleAI\" \/><\/figure><\/div><div class=\"swiper-slide\" role=\"group\" aria-roledescription=\"slide\" aria-label=\"6 of 8\"><figure class=\"swiper-slide-inner\"><img decoding=\"async\" class=\"swiper-slide-image\" src=\"https:\/\/nocodestartup.io\/wp-content\/uploads\/2024\/07\/make-1.png\" alt=\"make\" \/><\/figure><\/div><div class=\"swiper-slide\" role=\"group\" aria-roledescription=\"slide\" aria-label=\"7 of 8\"><figure class=\"swiper-slide-inner\"><img decoding=\"async\" class=\"swiper-slide-image\" src=\"https:\/\/nocodestartup.io\/wp-content\/uploads\/2024\/07\/OpenAI.png\" alt=\"OpenAI\" \/><\/figure><\/div><div class=\"swiper-slide\" role=\"group\" aria-roledescription=\"slide\" aria-label=\"8 of 8\"><figure class=\"swiper-slide-inner\"><img decoding=\"async\" class=\"swiper-slide-image\" src=\"https:\/\/nocodestartup.io\/wp-content\/uploads\/2024\/07\/midjourney.png\" alt=\"midjourney\" \/><\/figure><\/div>\t\t\t<\/div>\n\t\t\t\t\t\t\t\n\t\t\t\t\t\t\t\t\t<\/div>\n\t\t\t\t\t\t<\/div>\n\t\t\t\t<\/div>\n\t\t\t\t\t<\/div>\n\t\t\t\t<\/div>\n\t\t\t\t<\/div>\n\t\t<div class=\"elementor-element elementor-element-7333a58 e-flex e-con-boxed e-con e-parent\" data-id=\"7333a58\" data-element_type=\"container\" data-e-type=\"container\" data-settings=\"{&quot;background_background&quot;:&quot;classic&quot;}\">\n\t\t\t\t\t<div class=\"e-con-inner\">\n\t\t\t\t<div class=\"elementor-element elementor-element-d25cf86 elementor-widget__width-initial elementor-widget elementor-widget-image\" data-id=\"d25cf86\" data-element_type=\"widget\" data-e-type=\"widget\" data-widget_type=\"image.default\">\n\t\t\t\t<div class=\"elementor-widget-container\">\n\t\t\t\t\t\t\t\t\t\t\t\t\t\t\t<img fetchpriority=\"high\" decoding=\"async\" width=\"1554\" height=\"192\" src=\"https:\/\/nocodestartup.io\/wp-content\/uploads\/2024\/03\/logo-branco.png\" class=\"attachment-full size-full wp-image-6908\" alt=\"white logo\" srcset=\"https:\/\/nocodestartup.io\/wp-content\/uploads\/2024\/03\/logo-branco.png 1554w, https:\/\/nocodestartup.io\/wp-content\/uploads\/2024\/03\/logo-branco-1024x127.png 1024w, https:\/\/nocodestartup.io\/wp-content\/uploads\/2024\/03\/logo-branco-768x95.png 768w, https:\/\/nocodestartup.io\/wp-content\/uploads\/2024\/03\/logo-branco-1536x190.png 1536w, https:\/\/nocodestartup.io\/wp-content\/uploads\/2024\/03\/logo-branco-18x2.png 18w\" sizes=\"(max-width: 1554px) 100vw, 1554px\" \/>\t\t\t\t\t\t\t\t\t\t\t\t\t\t\t<\/div>\n\t\t\t\t<\/div>\n\t\t\t\t<div class=\"elementor-element elementor-element-b671265 elementor-widget__width-initial elementor-widget elementor-widget-text-editor\" data-id=\"b671265\" data-element_type=\"widget\" data-e-type=\"widget\" data-widget_type=\"text-editor.default\">\n\t\t\t\t<div class=\"elementor-widget-container\">\n\t\t\t\t\t\t\t\t\t<p>Matheus Castelo and Neto Camarano<\/p>\t\t\t\t\t\t\t\t<\/div>\n\t\t\t\t<\/div>\n\t\t\t\t<div class=\"elementor-element elementor-element-b24d669 elementor-widget__width-initial elementor-widget elementor-widget-text-editor\" data-id=\"b24d669\" data-element_type=\"widget\" data-e-type=\"widget\" data-widget_type=\"text-editor.default\">\n\t\t\t\t<div class=\"elementor-widget-container\">\n\t\t\t\t\t\t\t\t\t\u00a9 2026 No-Code Start-Up | CNPJ: 49.612.202\/0001-83\t\t\t\t\t\t\t\t<\/div>\n\t\t\t\t<\/div>\n\t\t\t\t\t<\/div>\n\t\t\t\t<\/div>\n\t\t<div class=\"elementor-element elementor-element-bcfd879 e-flex e-con-boxed e-con e-parent\" data-id=\"bcfd879\" data-element_type=\"container\" data-e-type=\"container\">\n\t\t\t\t\t<div class=\"e-con-inner\">\n\t\t\t\t<div class=\"elementor-element elementor-element-71238af elementor-widget elementor-widget-html\" data-id=\"71238af\" data-element_type=\"widget\" data-e-type=\"widget\" data-widget_type=\"html.default\">\n\t\t\t\t<div class=\"elementor-widget-container\">\n\t\t\t\t\t<link rel=\"stylesheet\" href=\"https:\/\/cdnjs.cloudflare.com\/ajax\/libs\/intl-tel-input\/17.0.8\/css\/intlTelInput.css\"\/>\n<script src=\"https:\/\/cdnjs.cloudflare.com\/ajax\/libs\/intl-tel-input\/17.0.8\/js\/intlTelInput.min.js\"><\/script>\n<script src=\"https:\/\/ajax.googleapis.com\/ajax\/libs\/jquery\/3.4.1\/jquery.min.js\"><\/script>\n<script>\nwindow.initializeIntlTelInput = function() {\n    const inputTelefone = document.getElementById('form-field-telefone');\n    if (!inputTelefone) {\n        console.error('Elemento #form-field-telefone n\u00e3o encontrado.');\n        return;\n    }\n    const iti = window.intlTelInput(inputTelefone, {\n        separateDialCode: true, \/\/ Mant\u00e9m o DDI visualmente separado\n        preferredCountries: [\"br\"],\n        utilsScript: \"https:\/\/cdnjs.cloudflare.com\/ajax\/libs\/intl-tel-input\/17.0.8\/js\/utils.js\" \/\/ Carrega os utilit\u00e1rios necess\u00e1rios usando HTTPS\n    });\n\n    inputTelefone.addEventListener('input', function(e) {\n        const countryCode = iti.getSelectedCountryData().iso2; \/\/ Obt\u00e9m o c\u00f3digo do pa\u00eds selecionado\n        var inputValue = e.target.value;\n        \/\/ Aplica a m\u00e1scara apenas quando o pa\u00eds selecionado for o Brasil\n        if (countryCode === 'br') {\n            var x = inputValue.replace(\/\\D\/g, '').match(\/(\\d{0,2})(\\d{0,5})(\\d{0,4})\/);\n            e.target.value = !x[2] ? x[1] : '(' + x[1] + ') ' + x[2] + (x[3] ? '-' + x[3] : '');\n        }\n    });\n\n    inputTelefone.form.addEventListener('submit', function(e) {\n        const fullNumber = iti.getNumber(intlTelInputUtils.numberFormat.E164); \/\/ Obt\u00e9m o n\u00famero no formato internacional completo\n        inputTelefone.value = fullNumber; \/\/ Atualiza o valor do input com o n\u00famero completo\n    });\n}\n<\/script>\n<script>\n\/\/ Chamada para inicializar o componente intlTelInput ap\u00f3s o carregamento da p\u00e1gina\ndocument.addEventListener(\"DOMContentLoaded\", function() {\n    initializeIntlTelInput();\n});\n<\/script>\t\t\t\t<\/div>\n\t\t\t\t<\/div>\n\t\t\t\t<div class=\"elementor-element elementor-element-37756ab elementor-widget elementor-widget-html\" data-id=\"37756ab\" data-element_type=\"widget\" data-e-type=\"widget\" data-widget_type=\"html.default\">\n\t\t\t\t<div class=\"elementor-widget-container\">\n\t\t\t\t\t<script>\ndocument.addEventListener(\"DOMContentLoaded\", function() {\n  const carrosseis = document.querySelectorAll('.carrossel .elementor-icon-list-items');\n\n  carrosseis.forEach((carrossel, index) => {\n    if (carrossel) {\n      const conteudo = carrossel.innerHTML;\n      const containerCarrossel = document.createElement('div');\n\n      containerCarrossel.classList.add('carrossel-ativo');\n\n      containerCarrossel.innerHTML = conteudo;\n\n      carrossel.innerHTML = '';\n      carrossel.appendChild(containerCarrossel);\n\n      const larguraCarrossel = carrossel.offsetWidth;\n      const larguraConteudos = containerCarrossel.scrollWidth;\n      const copias = Math.ceil(larguraCarrossel \/ larguraConteudos);\n\n      for (let i = 0; i < copias; i++) {\n        containerCarrossel.innerHTML += conteudo;\n      }\n\n      containerCarrossel.innerHTML += conteudo;\n\n    }\n  });\n});\n<\/script>\t\t\t\t<\/div>\n\t\t\t\t<\/div>\n\t\t\t\t\t<\/div>\n\t\t\t\t<\/div>\n\t\t\t\t<\/div>","protected":false},"excerpt":{"rendered":"<p>Free AI Agents Course for beginners Download here Click here Matheus Castelo and Neto Camarano<\/p>","protected":false},"author":3,"featured_media":19309,"parent":0,"menu_order":0,"comment_status":"closed","ping_status":"closed","template":"","meta":{"_acf_changed":false,"footnotes":""},"folder":[89],"class_list":["post-19308","page","type-page","status-publish","has-post-thumbnail","hentry"],"acf":[],"_links":{"self":[{"href":"https:\/\/nocodestartup.io\/en\/wp-json\/wp\/v2\/pages\/19308","targetHints":{"allow":["GET"]}}],"collection":[{"href":"https:\/\/nocodestartup.io\/en\/wp-json\/wp\/v2\/pages"}],"about":[{"href":"https:\/\/nocodestartup.io\/en\/wp-json\/wp\/v2\/types\/page"}],"author":[{"embeddable":true,"href":"https:\/\/nocodestartup.io\/en\/wp-json\/wp\/v2\/users\/3"}],"replies":[{"embeddable":true,"href":"https:\/\/nocodestartup.io\/en\/wp-json\/wp\/v2\/comments?post=19308"}],"version-history":[{"count":0,"href":"https:\/\/nocodestartup.io\/en\/wp-json\/wp\/v2\/pages\/19308\/revisions"}],"wp:featuredmedia":[{"embeddable":true,"href":"https:\/\/nocodestartup.io\/en\/wp-json\/wp\/v2\/media\/19309"}],"wp:attachment":[{"href":"https:\/\/nocodestartup.io\/en\/wp-json\/wp\/v2\/media?parent=19308"}],"wp:term":[{"taxonomy":"folder","embeddable":true,"href":"https:\/\/nocodestartup.io\/en\/wp-json\/wp\/v2\/folder?post=19308"}],"curies":[{"name":"wp","href":"https:\/\/api.w.org\/{rel}","templated":true}]}}