{"id":21083,"date":"2025-03-21T16:58:07","date_gmt":"2025-03-21T19:58:07","guid":{"rendered":"https:\/\/nocodestartup.io\/?page_id=21083"},"modified":"2026-01-28T09:37:30","modified_gmt":"2026-01-28T12:37:30","slug":"free-course-ia-agents-video","status":"publish","type":"page","link":"https:\/\/nocodestartup.io\/en\/free-course-ia-agents-video\/","title":{"rendered":"[Bait] LP Free Course AI Agents [Video]"},"content":{"rendered":"<div data-elementor-type=\"wp-page\" data-elementor-id=\"21083\" class=\"elementor elementor-21083\" data-elementor-post-type=\"page\">\n\t\t\t\t<div class=\"elementor-element elementor-element-8065685 e-flex e-con-boxed e-con e-parent\" data-id=\"8065685\" data-element_type=\"container\" data-e-type=\"container\" data-settings=\"{&quot;background_background&quot;:&quot;classic&quot;}\">\n\t\t\t\t\t<div class=\"e-con-inner\">\n\t\t\t\t<div class=\"elementor-element elementor-element-ecc5735 elementor-widget__width-inherit elementor-widget-mobile__width-inherit elementor-widget-laptop__width-inherit elementor-widget elementor-widget-heading\" data-id=\"ecc5735\" data-element_type=\"widget\" data-e-type=\"widget\" data-widget_type=\"heading.default\">\n\t\t\t\t<div class=\"elementor-widget-container\">\n\t\t\t\t\t<h1 class=\"elementor-heading-title elementor-size-default\"><span class=\"coloraicoding\">AI Agents Course:<\/span>  The most sought-after and scarce profession on the market.<\/h1>\t\t\t\t<\/div>\n\t\t\t\t<\/div>\n\t\t\t\t<div class=\"elementor-element elementor-element-544d2c7 e-n-tabs-mobile elementor-widget elementor-widget-n-tabs\" data-id=\"544d2c7\" data-element_type=\"widget\" data-e-type=\"widget\" data-widget_type=\"nested-tabs.default\">\n\t\t\t\t<div class=\"elementor-widget-container\">\n\t\t\t\t\t\t\t<div class=\"e-n-tabs\" data-widget-number=\"88396487\" aria-label=\"Tabs. Open items with &quot;Enter&quot; or &quot;Space&quot;, close with &quot;Escape&quot;, and navigate using the &quot;Arrow&quot; keys.\">\n\t\t\t<div class=\"e-n-tabs-heading\" role=\"tablist\">\n\t\t\t\t\t<button id=\"e-n-tab-title-883964871\" data-tab-title-id=\"e-n-tab-title-883964871\" class=\"e-n-tab-title\" aria-selected=\"true\" data-tab-index=\"1\" role=\"tab\" tabindex=\"0\" aria-controls=\"e-n-tab-content-883964871\" style=\"--n-tabs-title-order: 1;\">\n\t\t\t\t\t\t<span class=\"e-n-tab-title-text\">\n\t\t\t\t<span class=\"coloraicoding aula-2\">Lesson 1<\/span> Fundamentals of N8N and the basis of Automation\t\t\t<\/span>\n\t\t<\/button>\n\t\t\t\t<button id=\"e-n-tab-title-883964872\" data-tab-title-id=\"e-n-tab-title-883964872\" class=\"e-n-tab-title\" aria-selected=\"false\" data-tab-index=\"2\" role=\"tab\" tabindex=\"-1\" aria-controls=\"e-n-tab-content-883964872\" style=\"--n-tabs-title-order: 2;\">\n\t\t\t\t\t\t<span class=\"e-n-tab-title-text\">\n\t\t\t\t<span class=\"coloraicoding aula-2\">Lesson 2<\/span> Structuring data and integrating it with Google Sheets\t\t\t<\/span>\n\t\t<\/button>\n\t\t\t\t<button id=\"e-n-tab-title-883964873\" data-tab-title-id=\"e-n-tab-title-883964873\" class=\"e-n-tab-title\" aria-selected=\"false\" data-tab-index=\"3\" role=\"tab\" tabindex=\"-1\" aria-controls=\"e-n-tab-content-883964873\" style=\"--n-tabs-title-order: 3;\">\n\t\t\t\t\t\t<span class=\"e-n-tab-title-text\">\n\t\t\t\t<span class=\"coloraicoding aula-2\">Lesson 3<\/span> Creating the Intelligent Agent: Memory, Prompt, and Google Calendar\t\t\t<\/span>\n\t\t<\/button>\n\t\t\t\t<button id=\"e-n-tab-title-883964874\" data-tab-title-id=\"e-n-tab-title-883964874\" class=\"e-n-tab-title\" aria-selected=\"false\" data-tab-index=\"4\" role=\"tab\" tabindex=\"-1\" aria-controls=\"e-n-tab-content-883964874\" style=\"--n-tabs-title-order: 4;\">\n\t\t\t\t\t\t<span class=\"e-n-tab-title-text\">\n\t\t\t\t<span class=\"coloraicoding aula-2\">Lesson 4<\/span> Putting your Agent on the air\t\t\t<\/span>\n\t\t<\/button>\n\t\t\t\t\t<\/div>\n\t\t\t<div class=\"e-n-tabs-content\">\n\t\t\t\t<div id=\"e-n-tab-content-883964871\" role=\"tabpanel\" aria-labelledby=\"e-n-tab-title-883964871\" data-tab-index=\"1\" style=\"--n-tabs-title-order: 1;\" class=\"e-active elementor-element elementor-element-f4f1549 e-con-full e-flex elementor-invisible e-con e-child\" data-id=\"f4f1549\" data-element_type=\"container\" data-e-type=\"container\" data-settings=\"{&quot;animation&quot;:&quot;fadeIn&quot;}\">\n\t\t\t\t<div class=\"elementor-element elementor-element-977fb66 elementor-widget__width-inherit elementor-widget elementor-widget-video\" data-id=\"977fb66\" data-element_type=\"widget\" data-e-type=\"widget\" data-settings=\"{&quot;youtube_url&quot;:&quot;https:\\\/\\\/www.youtube.com\\\/watch?v=s6Tdt3vq0-s&quot;,&quot;video_type&quot;:&quot;youtube&quot;,&quot;controls&quot;:&quot;yes&quot;}\" data-widget_type=\"video.default\">\n\t\t\t\t<div class=\"elementor-widget-container\">\n\t\t\t\t\t\t\t<div class=\"elementor-wrapper elementor-open-inline\">\n\t\t\t<div class=\"elementor-video\"><\/div>\t\t<\/div>\n\t\t\t\t\t\t<\/div>\n\t\t\t\t<\/div>\n\t\t\t\t<div class=\"elementor-element elementor-element-b39f29a elementor-widget__width-inherit elementor-widget-mobile__width-inherit elementor-widget-laptop__width-inherit elementor-widget elementor-widget-heading\" data-id=\"b39f29a\" data-element_type=\"widget\" data-e-type=\"widget\" data-widget_type=\"heading.default\">\n\t\t\t\t<div class=\"elementor-widget-container\">\n\t\t\t\t\t<h2 class=\"elementor-heading-title elementor-size-default\"><span class=\"coloraicoding aula\">Lesson 1<\/span> Fundamentals of N8N and the basis of Automation<\/h2>\t\t\t\t<\/div>\n\t\t\t\t<\/div>\n\t\t\t\t<div class=\"elementor-element elementor-element-3feae83 elementor-widget__width-inherit elementor-widget-mobile__width-inherit elementor-widget-laptop__width-inherit elementor-widget elementor-widget-heading\" data-id=\"3feae83\" data-element_type=\"widget\" data-e-type=\"widget\" data-widget_type=\"heading.default\">\n\t\t\t\t<div class=\"elementor-widget-container\">\n\t\t\t\t\t<p class=\"elementor-heading-title elementor-size-default\">Baixe os materiais do curso clicando no botao abaixo:<\/p>\t\t\t\t<\/div>\n\t\t\t\t<\/div>\n\t\t\t\t<div class=\"elementor-element elementor-element-8f3935a elementor-widget elementor-widget-button\" data-id=\"8f3935a\" data-element_type=\"widget\" data-e-type=\"widget\" data-widget_type=\"button.default\">\n\t\t\t\t<div class=\"elementor-widget-container\">\n\t\t\t\t\t\t\t\t\t<div class=\"elementor-button-wrapper\">\n\t\t\t\t\t<a class=\"elementor-button elementor-button-link elementor-size-sm\" href=\"https:\/\/nocodestartup.io\/en\/course-materials-for-ia-agents-download\/\" target=\"_blank\">\n\t\t\t\t\t\t<span class=\"elementor-button-content-wrapper\">\n\t\t\t\t\t\t\t\t\t<span class=\"elementor-button-text\">Download Materials<\/span>\n\t\t\t\t\t<\/span>\n\t\t\t\t\t<\/a>\n\t\t\t\t<\/div>\n\t\t\t\t\t\t\t\t<\/div>\n\t\t\t\t<\/div>\n\t\t\t\t<div class=\"elementor-element elementor-element-fae9586 elementor-widget__width-inherit elementor-widget-mobile__width-inherit elementor-widget-laptop__width-inherit elementor-widget elementor-widget-heading\" data-id=\"fae9586\" data-element_type=\"widget\" data-e-type=\"widget\" data-widget_type=\"heading.default\">\n\t\t\t\t<div class=\"elementor-widget-container\">\n\t\t\t\t\t<p class=\"elementor-heading-title elementor-size-default\">Entre na Forma\u00e7\u00e3o em Agentes de IA com uma condi\u00e7\u00e3o especial (valor vai aumentar):<\/p>\t\t\t\t<\/div>\n\t\t\t\t<\/div>\n\t\t\t\t<div class=\"elementor-element elementor-element-1852639 elementor-widget elementor-widget-button\" data-id=\"1852639\" data-element_type=\"widget\" data-e-type=\"widget\" data-widget_type=\"button.default\">\n\t\t\t\t<div class=\"elementor-widget-container\">\n\t\t\t\t\t\t\t\t\t<div class=\"elementor-button-wrapper\">\n\t\t\t\t\t<a class=\"elementor-button elementor-button-link elementor-size-sm\" href=\"https:\/\/nocodestartup.io\/en\/nocode-training-3\/?utm_source=isca-agentes-ia&#038;utm_medium=lp-curso-gratuito-agentes-ia&#038;utm_campaign=isca-n8n&#038;utm_content=btn-lp-curso-gratuito-agentes-ia\" target=\"_blank\">\n\t\t\t\t\t\t<span class=\"elementor-button-content-wrapper\">\n\t\t\t\t\t\t\t\t\t<span class=\"elementor-button-text\">Join the AI Agent Training Program<\/span>\n\t\t\t\t\t<\/span>\n\t\t\t\t\t<\/a>\n\t\t\t\t<\/div>\n\t\t\t\t\t\t\t\t<\/div>\n\t\t\t\t<\/div>\n\t\t\t\t<\/div>\n\t\t<div id=\"e-n-tab-content-883964872\" role=\"tabpanel\" aria-labelledby=\"e-n-tab-title-883964872\" data-tab-index=\"2\" style=\"--n-tabs-title-order: 2;\" class=\"elementor-element elementor-element-372d682 e-con-full e-flex elementor-invisible e-con e-child\" data-id=\"372d682\" data-element_type=\"container\" data-e-type=\"container\" data-settings=\"{&quot;animation&quot;:&quot;fadeIn&quot;}\">\n\t\t\t\t<div class=\"elementor-element elementor-element-671f4ca elementor-widget__width-inherit elementor-widget elementor-widget-video\" data-id=\"671f4ca\" data-element_type=\"widget\" data-e-type=\"widget\" data-settings=\"{&quot;youtube_url&quot;:&quot;https:\\\/\\\/www.youtube.com\\\/watch?v=8OZtEz0dDBo&amp;feature=youtu.be&quot;,&quot;video_type&quot;:&quot;youtube&quot;,&quot;controls&quot;:&quot;yes&quot;}\" data-widget_type=\"video.default\">\n\t\t\t\t<div class=\"elementor-widget-container\">\n\t\t\t\t\t\t\t<div class=\"elementor-wrapper elementor-open-inline\">\n\t\t\t<div class=\"elementor-video\"><\/div>\t\t<\/div>\n\t\t\t\t\t\t<\/div>\n\t\t\t\t<\/div>\n\t\t\t\t<div class=\"elementor-element elementor-element-a32b003 elementor-widget__width-inherit elementor-widget-mobile__width-inherit elementor-widget-laptop__width-inherit elementor-widget elementor-widget-heading\" data-id=\"a32b003\" data-element_type=\"widget\" data-e-type=\"widget\" data-widget_type=\"heading.default\">\n\t\t\t\t<div class=\"elementor-widget-container\">\n\t\t\t\t\t<h2 class=\"elementor-heading-title elementor-size-default\"><span class=\"coloraicoding aula\">Lesson 2<\/span> Structuring data and integrating it with Google Sheets<\/h2>\t\t\t\t<\/div>\n\t\t\t\t<\/div>\n\t\t\t\t<div class=\"elementor-element elementor-element-4c43976 elementor-widget__width-inherit elementor-widget-mobile__width-inherit elementor-widget-laptop__width-inherit elementor-hidden-widescreen elementor-hidden-desktop elementor-hidden-laptop elementor-hidden-tablet_extra elementor-hidden-tablet elementor-hidden-mobile_extra elementor-hidden-mobile elementor-widget elementor-widget-heading\" data-id=\"4c43976\" data-element_type=\"widget\" data-e-type=\"widget\" data-widget_type=\"heading.default\">\n\t\t\t\t<div class=\"elementor-widget-container\">\n\t\t\t\t\t<p class=\"elementor-heading-title elementor-size-default\">Lorem ipsum dolor sit amet, consectetur adipiscing elit. Nam posuere ligula ipsum, until fermentum sapien varius mattis. Vestibulum enim est, fermentum mattis condimentum ac, tincidunt non just. Integer lacinia efficitur enim, ut tincidunt nulla. Sed nec gravida tellus.<\/p>\t\t\t\t<\/div>\n\t\t\t\t<\/div>\n\t\t\t\t<\/div>\n\t\t<div id=\"e-n-tab-content-883964873\" role=\"tabpanel\" aria-labelledby=\"e-n-tab-title-883964873\" data-tab-index=\"3\" style=\"--n-tabs-title-order: 3;\" class=\"elementor-element elementor-element-0f05291 e-con-full e-flex elementor-invisible e-con e-child\" data-id=\"0f05291\" data-element_type=\"container\" data-e-type=\"container\" data-settings=\"{&quot;animation&quot;:&quot;fadeIn&quot;}\">\n\t\t\t\t<div class=\"elementor-element elementor-element-9d3c279 elementor-widget__width-inherit elementor-widget elementor-widget-video\" data-id=\"9d3c279\" data-element_type=\"widget\" data-e-type=\"widget\" data-settings=\"{&quot;youtube_url&quot;:&quot;https:\\\/\\\/www.youtube.com\\\/watch?v=XtS0DH1bCu4&amp;feature=youtu.be&quot;,&quot;video_type&quot;:&quot;youtube&quot;,&quot;controls&quot;:&quot;yes&quot;}\" data-widget_type=\"video.default\">\n\t\t\t\t<div class=\"elementor-widget-container\">\n\t\t\t\t\t\t\t<div class=\"elementor-wrapper elementor-open-inline\">\n\t\t\t<div class=\"elementor-video\"><\/div>\t\t<\/div>\n\t\t\t\t\t\t<\/div>\n\t\t\t\t<\/div>\n\t\t\t\t<div class=\"elementor-element elementor-element-df31589 elementor-widget__width-inherit elementor-widget-mobile__width-inherit elementor-widget-laptop__width-inherit elementor-widget elementor-widget-heading\" data-id=\"df31589\" data-element_type=\"widget\" data-e-type=\"widget\" data-widget_type=\"heading.default\">\n\t\t\t\t<div class=\"elementor-widget-container\">\n\t\t\t\t\t<h2 class=\"elementor-heading-title elementor-size-default\"><span class=\"coloraicoding aula\">Lesson 3<\/span> Creating the Intelligent Agent: Memory, Prompt, and Google Calendar<\/h2>\t\t\t\t<\/div>\n\t\t\t\t<\/div>\n\t\t\t\t<div class=\"elementor-element elementor-element-fd3ca22 elementor-widget__width-inherit elementor-widget-mobile__width-inherit elementor-widget-laptop__width-inherit elementor-hidden-widescreen elementor-hidden-desktop elementor-hidden-laptop elementor-hidden-tablet_extra elementor-hidden-tablet elementor-hidden-mobile_extra elementor-hidden-mobile elementor-widget elementor-widget-heading\" data-id=\"fd3ca22\" data-element_type=\"widget\" data-e-type=\"widget\" data-widget_type=\"heading.default\">\n\t\t\t\t<div class=\"elementor-widget-container\">\n\t\t\t\t\t<p class=\"elementor-heading-title elementor-size-default\">Lorem ipsum dolor sit amet, consectetur adipiscing elit. Nam posuere ligula ipsum, until fermentum sapien varius mattis. Vestibulum enim est, fermentum mattis condimentum ac, tincidunt non just. Integer lacinia efficitur enim, ut tincidunt nulla. Sed nec gravida tellus.<\/p>\t\t\t\t<\/div>\n\t\t\t\t<\/div>\n\t\t\t\t<\/div>\n\t\t<div id=\"e-n-tab-content-883964874\" role=\"tabpanel\" aria-labelledby=\"e-n-tab-title-883964874\" data-tab-index=\"4\" style=\"--n-tabs-title-order: 4;\" class=\"elementor-element elementor-element-d92ea2c e-con-full e-flex elementor-invisible e-con e-child\" data-id=\"d92ea2c\" data-element_type=\"container\" data-e-type=\"container\" data-settings=\"{&quot;animation&quot;:&quot;fadeIn&quot;}\">\n\t\t\t\t<div class=\"elementor-element elementor-element-afcd2ea elementor-widget__width-inherit elementor-widget elementor-widget-video\" data-id=\"afcd2ea\" data-element_type=\"widget\" data-e-type=\"widget\" data-settings=\"{&quot;youtube_url&quot;:&quot;https:\\\/\\\/www.youtube.com\\\/watch?v=DvRNk0XdTf8&amp;feature=youtu.be&quot;,&quot;video_type&quot;:&quot;youtube&quot;,&quot;controls&quot;:&quot;yes&quot;}\" data-widget_type=\"video.default\">\n\t\t\t\t<div class=\"elementor-widget-container\">\n\t\t\t\t\t\t\t<div class=\"elementor-wrapper elementor-open-inline\">\n\t\t\t<div class=\"elementor-video\"><\/div>\t\t<\/div>\n\t\t\t\t\t\t<\/div>\n\t\t\t\t<\/div>\n\t\t\t\t<div class=\"elementor-element elementor-element-5bdaf25 elementor-widget__width-inherit elementor-widget-mobile__width-inherit elementor-widget-laptop__width-inherit elementor-widget elementor-widget-heading\" data-id=\"5bdaf25\" data-element_type=\"widget\" data-e-type=\"widget\" data-widget_type=\"heading.default\">\n\t\t\t\t<div class=\"elementor-widget-container\">\n\t\t\t\t\t<h2 class=\"elementor-heading-title elementor-size-default\"><span class=\"coloraicoding aula\">Lesson 4<\/span> Putting your Agent on the air<\/h2>\t\t\t\t<\/div>\n\t\t\t\t<\/div>\n\t\t\t\t<div class=\"elementor-element elementor-element-9e3b9e1 elementor-widget__width-inherit elementor-widget-mobile__width-inherit elementor-widget-laptop__width-inherit elementor-hidden-widescreen elementor-hidden-desktop elementor-hidden-laptop elementor-hidden-tablet_extra elementor-hidden-tablet elementor-hidden-mobile_extra elementor-hidden-mobile elementor-widget elementor-widget-heading\" data-id=\"9e3b9e1\" data-element_type=\"widget\" data-e-type=\"widget\" data-widget_type=\"heading.default\">\n\t\t\t\t<div class=\"elementor-widget-container\">\n\t\t\t\t\t<p class=\"elementor-heading-title elementor-size-default\">Lorem ipsum dolor sit amet, consectetur adipiscing elit. Nam posuere ligula ipsum, until fermentum sapien varius mattis. Vestibulum enim est, fermentum mattis condimentum ac, tincidunt non just. Integer lacinia efficitur enim, ut tincidunt nulla. Sed nec gravida tellus.<\/p>\t\t\t\t<\/div>\n\t\t\t\t<\/div>\n\t\t\t\t<\/div>\n\t\t\t\t\t<\/div>\n\t\t<\/div>\n\t\t\t\t\t\t<\/div>\n\t\t\t\t<\/div>\n\t\t\t\t<div class=\"elementor-element elementor-element-41dbc58 elementor-widget__width-inherit elementor-widget-mobile__width-inherit elementor-widget-laptop__width-inherit elementor-widget elementor-widget-heading\" data-id=\"41dbc58\" data-element_type=\"widget\" data-e-type=\"widget\" data-widget_type=\"heading.default\">\n\t\t\t\t<div class=\"elementor-widget-container\">\n\t\t\t\t\t<h1 class=\"elementor-heading-title elementor-size-default\">Entre na maior <span class=\"coloraicoding\">Forma\u00e7\u00e3o em Agentes de IA<\/span>  do Brasil com uma condi\u00e7\u00e3o especial (valor vai aumentar):<\/h1>\t\t\t\t<\/div>\n\t\t\t\t<\/div>\n\t\t\t\t<div class=\"elementor-element elementor-element-2c2c261 elementor-widget elementor-widget-button\" data-id=\"2c2c261\" data-element_type=\"widget\" data-e-type=\"widget\" data-widget_type=\"button.default\">\n\t\t\t\t<div class=\"elementor-widget-container\">\n\t\t\t\t\t\t\t\t\t<div class=\"elementor-button-wrapper\">\n\t\t\t\t\t<a class=\"elementor-button elementor-button-link elementor-size-sm\" href=\"https:\/\/nocodestartup.io\/en\/nocode-training-3\/?utm_source=isca-agentes-ia&#038;utm_medium=lp-curso-gratuito-agentes-ia&#038;utm_campaign=isca-n8n&#038;utm_content=btn-lp-curso-gratuito-agentes-ia\" target=\"_blank\">\n\t\t\t\t\t\t<span class=\"elementor-button-content-wrapper\">\n\t\t\t\t\t\t\t\t\t<span class=\"elementor-button-text\">Join the AI Agent Training Program<\/span>\n\t\t\t\t\t<\/span>\n\t\t\t\t\t<\/a>\n\t\t\t\t<\/div>\n\t\t\t\t\t\t\t\t<\/div>\n\t\t\t\t<\/div>\n\t\t\t\t\t<\/div>\n\t\t\t\t<\/div>\n\t\t\t\t<\/div>","protected":false},"excerpt":{"rendered":"<p>Curso Agentes de IA: A profiss\u00e3o mais desejada e escassa do mercado AULA 1 Fundamentos do N8N e a base da Automa\u00e7\u00e3o AULA 2 Estruturando dados e integrando com Google Sheets AULA 3 Criando o Agente Inteligente: Mem\u00f3ria, Prompt e Google Calendar AULA 4 Colocando seu Agente no ar AULA 1 Fundamentos do N8N e [&hellip;]<\/p>","protected":false},"author":3,"featured_media":0,"parent":0,"menu_order":0,"comment_status":"closed","ping_status":"closed","template":"elementor_canvas","meta":{"_acf_changed":false,"footnotes":""},"folder":[90],"class_list":["post-21083","page","type-page","status-publish","hentry"],"acf":[],"_links":{"self":[{"href":"https:\/\/nocodestartup.io\/en\/wp-json\/wp\/v2\/pages\/21083","targetHints":{"allow":["GET"]}}],"collection":[{"href":"https:\/\/nocodestartup.io\/en\/wp-json\/wp\/v2\/pages"}],"about":[{"href":"https:\/\/nocodestartup.io\/en\/wp-json\/wp\/v2\/types\/page"}],"author":[{"embeddable":true,"href":"https:\/\/nocodestartup.io\/en\/wp-json\/wp\/v2\/users\/3"}],"replies":[{"embeddable":true,"href":"https:\/\/nocodestartup.io\/en\/wp-json\/wp\/v2\/comments?post=21083"}],"version-history":[{"count":0,"href":"https:\/\/nocodestartup.io\/en\/wp-json\/wp\/v2\/pages\/21083\/revisions"}],"wp:attachment":[{"href":"https:\/\/nocodestartup.io\/en\/wp-json\/wp\/v2\/media?parent=21083"}],"wp:term":[{"taxonomy":"folder","embeddable":true,"href":"https:\/\/nocodestartup.io\/en\/wp-json\/wp\/v2\/folder?post=21083"}],"curies":[{"name":"wp","href":"https:\/\/api.w.org\/{rel}","templated":true}]}}