{"id":4395,"date":"2023-08-21T09:28:12","date_gmt":"2023-08-21T12:28:12","guid":{"rendered":"https:\/\/nocodestartup.io\/?page_id=4395"},"modified":"2025-03-04T13:35:21","modified_gmt":"2025-03-04T16:35:21","slug":"supabase-material","status":"publish","type":"page","link":"https:\/\/nocodestartup.io\/en\/supabase-material\/","title":{"rendered":"[Materials] Supabase Material"},"content":{"rendered":"<div data-elementor-type=\"wp-page\" data-elementor-id=\"4395\" class=\"elementor elementor-4395\" data-elementor-post-type=\"page\">\n\t\t\t\t<div class=\"elementor-element elementor-element-6b4a892 e-flex e-con-boxed e-con e-parent\" data-id=\"6b4a892\" data-element_type=\"container\" data-e-type=\"container\" data-settings=\"{&quot;background_background&quot;:&quot;classic&quot;}\">\n\t\t\t\t\t<div class=\"e-con-inner\">\n\t\t\t\t<div class=\"elementor-element elementor-element-62ce34b elementor-widget__width-initial elementor-widget elementor-widget-heading\" data-id=\"62ce34b\" data-element_type=\"widget\" data-e-type=\"widget\" data-widget_type=\"heading.default\">\n\t\t\t\t<div class=\"elementor-widget-container\">\n\t\t\t\t\t<h1 class=\"elementor-heading-title elementor-size-default\"><span class=\"cor1\">Free Material<\/span> <br>Supabase<\/h1>\t\t\t\t<\/div>\n\t\t\t\t<\/div>\n\t\t\t\t<div class=\"elementor-element elementor-element-ea1ac1c elementor-widget__width-initial elementor-widget elementor-widget-heading\" data-id=\"ea1ac1c\" data-element_type=\"widget\" data-e-type=\"widget\" data-widget_type=\"heading.default\">\n\t\t\t\t<div class=\"elementor-widget-container\">\n\t\t\t\t\t<h2 class=\"elementor-heading-title elementor-size-default\">Fill out to download the materials <\/h2>\t\t\t\t<\/div>\n\t\t\t\t<\/div>\n\t\t\t\t<div class=\"elementor-element elementor-element-bf417c6 elementor-widget__width-initial elementor-widget-mobile__width-inherit elementor-widget-tablet_extra__width-initial elementor-button-align-stretch elementor-widget elementor-widget-form\" data-id=\"bf417c6\" data-element_type=\"widget\" data-e-type=\"widget\" data-settings=\"{&quot;step_next_label&quot;:&quot;Pr\\u00f3ximo&quot;,&quot;step_previous_label&quot;:&quot;Anterior&quot;,&quot;button_width&quot;:&quot;100&quot;,&quot;step_type&quot;:&quot;number_text&quot;,&quot;step_icon_shape&quot;:&quot;circle&quot;}\" data-widget_type=\"form.default\">\n\t\t\t\t<div class=\"elementor-widget-container\">\n\t\t\t\t\t\t\t<form class=\"elementor-form\" method=\"post\" name=\"Forms Material Supabase\" aria-label=\"Forms Material Supabase\" action=\"\">\n\t\t\t<input type=\"hidden\" name=\"post_id\" value=\"4395\"\/>\n\t\t\t<input type=\"hidden\" name=\"form_id\" value=\"bf417c6\"\/>\n\t\t\t<input type=\"hidden\" name=\"referer_title\" value=\"\" \/>\n\n\t\t\t\n\t\t\t<div class=\"elementor-form-fields-wrapper elementor-labels-\">\n\t\t\t\t\t\t\t\t<div class=\"elementor-field-type-text elementor-field-group elementor-column elementor-field-group-name elementor-col-100 elementor-field-required\">\n\t\t\t\t\t\t\t\t\t\t\t\t<label for=\"form-field-name\" class=\"elementor-field-label elementor-screen-only\">\n\t\t\t\t\t\t\t\tName\t\t\t\t\t\t\t<\/label>\n\t\t\t\t\t\t\t\t\t\t\t\t\t\t<input size=\"1\" type=\"text\" name=\"form_fields[name]\" id=\"form-field-name\" class=\"elementor-field elementor-size-sm  elementor-field-textual\" placeholder=\"Write your name*\" required=\"required\">\n\t\t\t\t\t\t\t\t\t\t\t<\/div>\n\t\t\t\t\t\t\t\t<div class=\"elementor-field-type-email elementor-field-group elementor-column elementor-field-group-email elementor-col-100 elementor-field-required\">\n\t\t\t\t\t\t\t\t\t\t\t\t<label for=\"form-field-email\" class=\"elementor-field-label elementor-screen-only\">\n\t\t\t\t\t\t\t\tEmail\t\t\t\t\t\t\t<\/label>\n\t\t\t\t\t\t\t\t\t\t\t\t\t\t<input size=\"1\" type=\"email\" name=\"form_fields[email]\" id=\"form-field-email\" class=\"elementor-field elementor-size-sm  elementor-field-textual\" placeholder=\"Your best email*\" required=\"required\">\n\t\t\t\t\t\t\t\t\t\t\t<\/div>\n\t\t\t\t\t\t\t\t<div class=\"elementor-field-type-text elementor-field-group elementor-column elementor-field-group-telefone elementor-col-100\">\n\t\t\t\t\t\t\t\t\t\t\t\t<label for=\"form-field-telefone\" class=\"elementor-field-label elementor-screen-only\">\n\t\t\t\t\t\t\t\tWhatsapp\t\t\t\t\t\t\t<\/label>\n\t\t\t\t\t\t\t\t\t\t\t\t\t\t<input size=\"1\" type=\"text\" name=\"form_fields[telefone]\" id=\"form-field-telefone\" class=\"elementor-field elementor-size-sm  elementor-field-textual\" placeholder=\"(99) 99999-9999\">\n\t\t\t\t\t\t\t\t\t\t\t<\/div>\n\t\t\t\t\t\t\t\t<div class=\"elementor-field-type-hidden elementor-field-group elementor-column elementor-field-group-utm_source elementor-col-100\">\n\t\t\t\t\t\t\t\t\t\t\t\t\t<input size=\"1\" type=\"hidden\" name=\"form_fields[utm_source]\" id=\"form-field-utm_source\" class=\"elementor-field elementor-size-sm  elementor-field-textual\">\n\t\t\t\t\t\t\t\t\t\t\t<\/div>\n\t\t\t\t\t\t\t\t<div class=\"elementor-field-type-hidden elementor-field-group elementor-column elementor-field-group-utm_term elementor-col-100\">\n\t\t\t\t\t\t\t\t\t\t\t\t\t<input size=\"1\" type=\"hidden\" name=\"form_fields[utm_term]\" id=\"form-field-utm_term\" class=\"elementor-field elementor-size-sm  elementor-field-textual\">\n\t\t\t\t\t\t\t\t\t\t\t<\/div>\n\t\t\t\t\t\t\t\t<div class=\"elementor-field-type-hidden elementor-field-group elementor-column elementor-field-group-utm_content elementor-col-100\">\n\t\t\t\t\t\t\t\t\t\t\t\t\t<input size=\"1\" type=\"hidden\" name=\"form_fields[utm_content]\" id=\"form-field-utm_content\" class=\"elementor-field elementor-size-sm  elementor-field-textual\">\n\t\t\t\t\t\t\t\t\t\t\t<\/div>\n\t\t\t\t\t\t\t\t<div class=\"elementor-field-type-hidden elementor-field-group elementor-column elementor-field-group-utm_medium elementor-col-100\">\n\t\t\t\t\t\t\t\t\t\t\t\t\t<input size=\"1\" type=\"hidden\" name=\"form_fields[utm_medium]\" id=\"form-field-utm_medium\" class=\"elementor-field elementor-size-sm  elementor-field-textual\">\n\t\t\t\t\t\t\t\t\t\t\t<\/div>\n\t\t\t\t\t\t\t\t<div class=\"elementor-field-type-hidden elementor-field-group elementor-column elementor-field-group-utm_campaign elementor-col-100\">\n\t\t\t\t\t\t\t\t\t\t\t\t\t<input size=\"1\" type=\"hidden\" name=\"form_fields[utm_campaign]\" id=\"form-field-utm_campaign\" class=\"elementor-field elementor-size-sm  elementor-field-textual\">\n\t\t\t\t\t\t\t\t\t\t\t<\/div>\n\t\t\t\t\t\t\t\t<div class=\"elementor-field-type-hidden elementor-field-group elementor-column elementor-field-group-conversion elementor-col-100\">\n\t\t\t\t\t\t\t\t\t\t\t\t\t<input size=\"1\" type=\"hidden\" name=\"form_fields[conversion]\" id=\"form-field-conversion\" class=\"elementor-field elementor-size-sm  elementor-field-textual\">\n\t\t\t\t\t\t\t\t\t\t\t<\/div>\n\t\t\t\t\t\t\t\t<div class=\"elementor-field-group elementor-column elementor-field-type-submit elementor-col-100 e-form__buttons\">\n\t\t\t\t\t<button class=\"elementor-button elementor-size-sm\" type=\"submit\">\n\t\t\t\t\t\t<span class=\"elementor-button-content-wrapper\">\n\t\t\t\t\t\t\t\t\t\t\t\t\t\t\t\t\t\t\t\t\t\t<span class=\"elementor-button-text\">Download Materials<\/span>\n\t\t\t\t\t\t\t\t\t\t\t\t\t<\/span>\n\t\t\t\t\t<\/button>\n\t\t\t\t<\/div>\n\t\t\t<\/div>\n\t\t<input type=\"hidden\" name=\"trp-form-language\" value=\"en\"\/><\/form>\n\t\t\t\t\t\t<\/div>\n\t\t\t\t<\/div>\n\t\t\t\t\t<\/div>\n\t\t\t\t<\/div>\n\t\t<div class=\"elementor-element elementor-element-e248682 e-con-full e-flex e-con e-parent\" data-id=\"e248682\" data-element_type=\"container\" data-e-type=\"container\" data-settings=\"{&quot;background_background&quot;:&quot;classic&quot;}\">\n\t\t<div class=\"elementor-element elementor-element-3e4e8d8 e-flex e-con-boxed e-con e-child\" data-id=\"3e4e8d8\" data-element_type=\"container\" data-e-type=\"container\" data-settings=\"{&quot;background_background&quot;:&quot;classic&quot;}\">\n\t\t\t\t\t<div class=\"e-con-inner\">\n\t\t\t\t<div class=\"elementor-element elementor-element-a07c28f elementor-widget elementor-widget-image-carousel\" data-id=\"a07c28f\" data-element_type=\"widget\" data-e-type=\"widget\" data-settings=\"{&quot;slides_to_show&quot;:&quot;8&quot;,&quot;autoplay_speed&quot;:0,&quot;speed&quot;:5000,&quot;image_spacing_custom&quot;:{&quot;unit&quot;:&quot;px&quot;,&quot;size&quot;:50,&quot;sizes&quot;:[]},&quot;navigation&quot;:&quot;none&quot;,&quot;slides_to_show_tablet_extra&quot;:&quot;4&quot;,&quot;slides_to_show_mobile_extra&quot;:&quot;3&quot;,&quot;slides_to_show_mobile&quot;:&quot;2&quot;,&quot;slides_to_show_tablet&quot;:&quot;3&quot;,&quot;autoplay&quot;:&quot;yes&quot;,&quot;infinite&quot;:&quot;yes&quot;,&quot;image_spacing_custom_widescreen&quot;:{&quot;unit&quot;:&quot;px&quot;,&quot;size&quot;:&quot;&quot;,&quot;sizes&quot;:[]},&quot;image_spacing_custom_laptop&quot;:{&quot;unit&quot;:&quot;px&quot;,&quot;size&quot;:&quot;&quot;,&quot;sizes&quot;:[]},&quot;image_spacing_custom_tablet_extra&quot;:{&quot;unit&quot;:&quot;px&quot;,&quot;size&quot;:&quot;&quot;,&quot;sizes&quot;:[]},&quot;image_spacing_custom_tablet&quot;:{&quot;unit&quot;:&quot;px&quot;,&quot;size&quot;:&quot;&quot;,&quot;sizes&quot;:[]},&quot;image_spacing_custom_mobile_extra&quot;:{&quot;unit&quot;:&quot;px&quot;,&quot;size&quot;:&quot;&quot;,&quot;sizes&quot;:[]},&quot;image_spacing_custom_mobile&quot;:{&quot;unit&quot;:&quot;px&quot;,&quot;size&quot;:&quot;&quot;,&quot;sizes&quot;:[]}}\" data-widget_type=\"image-carousel.default\">\n\t\t\t\t<div class=\"elementor-widget-container\">\n\t\t\t\t\t\t\t<div class=\"elementor-image-carousel-wrapper swiper\" role=\"region\" aria-roledescription=\"carousel\" aria-label=\"Image carousel\" dir=\"ltr\">\n\t\t\t<div class=\"elementor-image-carousel swiper-wrapper\" aria-live=\"off\">\n\t\t\t\t\t\t\t\t<div class=\"swiper-slide\" role=\"group\" aria-roledescription=\"slide\" aria-label=\"1 of 8\"><figure class=\"swiper-slide-inner\"><img decoding=\"async\" class=\"swiper-slide-image\" src=\"https:\/\/nocodestartup.io\/wp-content\/uploads\/2024\/07\/bubble-1.png\" alt=\"bubble\" \/><\/figure><\/div><div class=\"swiper-slide\" role=\"group\" aria-roledescription=\"slide\" aria-label=\"2 of 8\"><figure class=\"swiper-slide-inner\"><img decoding=\"async\" class=\"swiper-slide-image\" src=\"https:\/\/nocodestartup.io\/wp-content\/uploads\/2024\/07\/ChatGPT_logo.png\" alt=\"ChatGPT logo\" \/><\/figure><\/div><div class=\"swiper-slide\" role=\"group\" aria-roledescription=\"slide\" aria-label=\"3 of 8\"><figure class=\"swiper-slide-inner\"><img decoding=\"async\" class=\"swiper-slide-image\" src=\"https:\/\/nocodestartup.io\/wp-content\/uploads\/2024\/07\/flutteflowlogo.png\" alt=\"flutteflowlogo\" \/><\/figure><\/div><div class=\"swiper-slide\" role=\"group\" aria-roledescription=\"slide\" aria-label=\"4 of 8\"><figure class=\"swiper-slide-inner\"><img decoding=\"async\" class=\"swiper-slide-image\" src=\"https:\/\/nocodestartup.io\/wp-content\/uploads\/2024\/07\/framer-1.png\" alt=\"framer\" \/><\/figure><\/div><div class=\"swiper-slide\" role=\"group\" aria-roledescription=\"slide\" aria-label=\"5 of 8\"><figure class=\"swiper-slide-inner\"><img decoding=\"async\" class=\"swiper-slide-image\" src=\"https:\/\/nocodestartup.io\/wp-content\/uploads\/2024\/07\/GoogleAI.png\" alt=\"GoogleAI\" \/><\/figure><\/div><div class=\"swiper-slide\" role=\"group\" aria-roledescription=\"slide\" aria-label=\"6 of 8\"><figure class=\"swiper-slide-inner\"><img decoding=\"async\" class=\"swiper-slide-image\" src=\"https:\/\/nocodestartup.io\/wp-content\/uploads\/2024\/07\/make-1.png\" alt=\"make\" \/><\/figure><\/div><div class=\"swiper-slide\" role=\"group\" aria-roledescription=\"slide\" aria-label=\"7 of 8\"><figure class=\"swiper-slide-inner\"><img decoding=\"async\" class=\"swiper-slide-image\" src=\"https:\/\/nocodestartup.io\/wp-content\/uploads\/2024\/07\/OpenAI.png\" alt=\"OpenAI\" \/><\/figure><\/div><div class=\"swiper-slide\" role=\"group\" aria-roledescription=\"slide\" aria-label=\"8 of 8\"><figure class=\"swiper-slide-inner\"><img decoding=\"async\" class=\"swiper-slide-image\" src=\"https:\/\/nocodestartup.io\/wp-content\/uploads\/2024\/07\/midjourney.png\" alt=\"midjourney\" \/><\/figure><\/div>\t\t\t<\/div>\n\t\t\t\t\t\t\t\n\t\t\t\t\t\t\t\t\t<\/div>\n\t\t\t\t\t\t<\/div>\n\t\t\t\t<\/div>\n\t\t\t\t\t<\/div>\n\t\t\t\t<\/div>\n\t\t\t\t<\/div>\n\t\t<div class=\"elementor-element elementor-element-423a22c e-flex e-con-boxed e-con e-parent\" data-id=\"423a22c\" data-element_type=\"container\" data-e-type=\"container\" data-settings=\"{&quot;background_background&quot;:&quot;classic&quot;}\">\n\t\t\t\t\t<div class=\"e-con-inner\">\n\t\t\t\t<div class=\"elementor-element elementor-element-d9f1dd6 elementor-widget__width-initial elementor-widget elementor-widget-image\" data-id=\"d9f1dd6\" data-element_type=\"widget\" data-e-type=\"widget\" data-widget_type=\"image.default\">\n\t\t\t\t<div class=\"elementor-widget-container\">\n\t\t\t\t\t\t\t\t\t\t\t\t\t\t\t<img fetchpriority=\"high\" decoding=\"async\" width=\"1554\" height=\"192\" src=\"https:\/\/nocodestartup.io\/wp-content\/uploads\/2024\/03\/logo-branco.png\" class=\"attachment-full size-full wp-image-6908\" alt=\"white logo\" srcset=\"https:\/\/nocodestartup.io\/wp-content\/uploads\/2024\/03\/logo-branco.png 1554w, https:\/\/nocodestartup.io\/wp-content\/uploads\/2024\/03\/logo-branco-1024x127.png 1024w, https:\/\/nocodestartup.io\/wp-content\/uploads\/2024\/03\/logo-branco-768x95.png 768w, https:\/\/nocodestartup.io\/wp-content\/uploads\/2024\/03\/logo-branco-1536x190.png 1536w, https:\/\/nocodestartup.io\/wp-content\/uploads\/2024\/03\/logo-branco-18x2.png 18w\" sizes=\"(max-width: 1554px) 100vw, 1554px\" \/>\t\t\t\t\t\t\t\t\t\t\t\t\t\t\t<\/div>\n\t\t\t\t<\/div>\n\t\t\t\t<div class=\"elementor-element elementor-element-7105fdd elementor-widget__width-initial elementor-widget elementor-widget-text-editor\" data-id=\"7105fdd\" data-element_type=\"widget\" data-e-type=\"widget\" data-widget_type=\"text-editor.default\">\n\t\t\t\t<div class=\"elementor-widget-container\">\n\t\t\t\t\t\t\t\t\t<p>Matheus Castelo and Neto Camarano<\/p>\t\t\t\t\t\t\t\t<\/div>\n\t\t\t\t<\/div>\n\t\t\t\t<div class=\"elementor-element elementor-element-ef88328 elementor-widget__width-initial elementor-widget elementor-widget-text-editor\" data-id=\"ef88328\" data-element_type=\"widget\" data-e-type=\"widget\" data-widget_type=\"text-editor.default\">\n\t\t\t\t<div class=\"elementor-widget-container\">\n\t\t\t\t\t\t\t\t\t\u00a9 2026 No-Code Start-Up | CNPJ: 49.612.202\/0001-83\t\t\t\t\t\t\t\t<\/div>\n\t\t\t\t<\/div>\n\t\t\t\t\t<\/div>\n\t\t\t\t<\/div>\n\t\t<div class=\"elementor-element elementor-element-0f6205c e-flex e-con-boxed e-con e-parent\" data-id=\"0f6205c\" data-element_type=\"container\" data-e-type=\"container\">\n\t\t\t\t\t<div class=\"e-con-inner\">\n\t\t\t\t<div class=\"elementor-element elementor-element-6ee53c7 elementor-widget elementor-widget-html\" data-id=\"6ee53c7\" data-element_type=\"widget\" data-e-type=\"widget\" data-widget_type=\"html.default\">\n\t\t\t\t<div class=\"elementor-widget-container\">\n\t\t\t\t\t<link rel=\"stylesheet\" href=\"https:\/\/cdnjs.cloudflare.com\/ajax\/libs\/intl-tel-input\/17.0.8\/css\/intlTelInput.css\"\/>\n<script src=\"https:\/\/cdnjs.cloudflare.com\/ajax\/libs\/intl-tel-input\/17.0.8\/js\/intlTelInput.min.js\"><\/script>\n<script src=\"https:\/\/ajax.googleapis.com\/ajax\/libs\/jquery\/3.4.1\/jquery.min.js\"><\/script>\n<script>\nwindow.initializeIntlTelInput = function() {\n    const inputTelefone = document.getElementById('form-field-telefone');\n    if (!inputTelefone) {\n        console.error('Elemento #form-field-telefone n\u00e3o encontrado.');\n        return;\n    }\n    const iti = window.intlTelInput(inputTelefone, {\n        separateDialCode: true, \/\/ Mant\u00e9m o DDI visualmente separado\n        preferredCountries: [\"br\"],\n        utilsScript: \"https:\/\/cdnjs.cloudflare.com\/ajax\/libs\/intl-tel-input\/17.0.8\/js\/utils.js\" \/\/ Carrega os utilit\u00e1rios necess\u00e1rios usando HTTPS\n    });\n\n    inputTelefone.addEventListener('input', function(e) {\n        const countryCode = iti.getSelectedCountryData().iso2; \/\/ Obt\u00e9m o c\u00f3digo do pa\u00eds selecionado\n        var inputValue = e.target.value;\n        \/\/ Aplica a m\u00e1scara apenas quando o pa\u00eds selecionado for o Brasil\n        if (countryCode === 'br') {\n            var x = inputValue.replace(\/\\D\/g, '').match(\/(\\d{0,2})(\\d{0,5})(\\d{0,4})\/);\n            e.target.value = !x[2] ? x[1] : '(' + x[1] + ') ' + x[2] + (x[3] ? '-' + x[3] : '');\n        }\n    });\n\n    inputTelefone.form.addEventListener('submit', function(e) {\n        const fullNumber = iti.getNumber(intlTelInputUtils.numberFormat.E164); \/\/ Obt\u00e9m o n\u00famero no formato internacional completo\n        inputTelefone.value = fullNumber; \/\/ Atualiza o valor do input com o n\u00famero completo\n    });\n}\n<\/script>\n<script>\n\/\/ Chamada para inicializar o componente intlTelInput ap\u00f3s o carregamento da p\u00e1gina\ndocument.addEventListener(\"DOMContentLoaded\", function() {\n    initializeIntlTelInput();\n});\n<\/script>\t\t\t\t<\/div>\n\t\t\t\t<\/div>\n\t\t\t\t<div class=\"elementor-element elementor-element-62fa240 elementor-widget elementor-widget-html\" data-id=\"62fa240\" data-element_type=\"widget\" data-e-type=\"widget\" data-widget_type=\"html.default\">\n\t\t\t\t<div class=\"elementor-widget-container\">\n\t\t\t\t\t<script>\ndocument.addEventListener(\"DOMContentLoaded\", function() {\n  const carrosseis = document.querySelectorAll('.carrossel .elementor-icon-list-items');\n\n  carrosseis.forEach((carrossel, index) => {\n    if (carrossel) {\n      const conteudo = carrossel.innerHTML;\n      const containerCarrossel = document.createElement('div');\n\n      containerCarrossel.classList.add('carrossel-ativo');\n\n      containerCarrossel.innerHTML = conteudo;\n\n      carrossel.innerHTML = '';\n      carrossel.appendChild(containerCarrossel);\n\n      const larguraCarrossel = carrossel.offsetWidth;\n      const larguraConteudos = containerCarrossel.scrollWidth;\n      const copias = Math.ceil(larguraCarrossel \/ larguraConteudos);\n\n      for (let i = 0; i < copias; i++) {\n        containerCarrossel.innerHTML += conteudo;\n      }\n\n      containerCarrossel.innerHTML += conteudo;\n\n    }\n  });\n});\n<\/script>\t\t\t\t<\/div>\n\t\t\t\t<\/div>\n\t\t\t\t\t<\/div>\n\t\t\t\t<\/div>\n\t\t\t\t<\/div>","protected":false},"excerpt":{"rendered":"<p>Free Supabase Material Fill in the form to download the materials Matheus Castelo and Neto Camarano<\/p>","protected":false},"author":3,"featured_media":0,"parent":0,"menu_order":0,"comment_status":"closed","ping_status":"closed","template":"elementor_canvas","meta":{"_acf_changed":false,"footnotes":""},"folder":[89],"class_list":["post-4395","page","type-page","status-publish","hentry"],"acf":[],"_links":{"self":[{"href":"https:\/\/nocodestartup.io\/en\/wp-json\/wp\/v2\/pages\/4395","targetHints":{"allow":["GET"]}}],"collection":[{"href":"https:\/\/nocodestartup.io\/en\/wp-json\/wp\/v2\/pages"}],"about":[{"href":"https:\/\/nocodestartup.io\/en\/wp-json\/wp\/v2\/types\/page"}],"author":[{"embeddable":true,"href":"https:\/\/nocodestartup.io\/en\/wp-json\/wp\/v2\/users\/3"}],"replies":[{"embeddable":true,"href":"https:\/\/nocodestartup.io\/en\/wp-json\/wp\/v2\/comments?post=4395"}],"version-history":[{"count":0,"href":"https:\/\/nocodestartup.io\/en\/wp-json\/wp\/v2\/pages\/4395\/revisions"}],"wp:attachment":[{"href":"https:\/\/nocodestartup.io\/en\/wp-json\/wp\/v2\/media?parent=4395"}],"wp:term":[{"taxonomy":"folder","embeddable":true,"href":"https:\/\/nocodestartup.io\/en\/wp-json\/wp\/v2\/folder?post=4395"}],"curies":[{"name":"wp","href":"https:\/\/api.w.org\/{rel}","templated":true}]}}