{"id":33571,"date":"2025-12-08T18:37:35","date_gmt":"2025-12-08T21:37:35","guid":{"rendered":"https:\/\/nocodestartup.io\/?page_id=33571"},"modified":"2025-12-08T19:00:47","modified_gmt":"2025-12-08T22:00:47","slug":"lecciones-de-blog","status":"publish","type":"page","link":"https:\/\/nocodestartup.io\/es\/lecciones-de-blog\/","title":{"rendered":"Lecciones del blog"},"content":{"rendered":"<div data-elementor-type=\"wp-page\" data-elementor-id=\"33571\" class=\"elementor elementor-33571\" data-elementor-post-type=\"page\">\n\t\t\t\t<div class=\"elementor-element elementor-element-66176ad e-flex e-con-boxed e-con e-parent\" data-id=\"66176ad\" data-element_type=\"container\" data-e-type=\"container\" data-settings=\"{&quot;background_background&quot;:&quot;classic&quot;}\">\n\t\t\t\t\t<div class=\"e-con-inner\">\n\t\t\t\t<div class=\"elementor-element elementor-element-573dc53 elementor-widget__width-inherit elementor-widget-mobile__width-inherit elementor-widget-laptop__width-inherit elementor-widget elementor-widget-heading\" data-id=\"573dc53\" data-element_type=\"widget\" data-e-type=\"widget\" data-widget_type=\"heading.default\">\n\t\t\t\t<div class=\"elementor-widget-container\">\n\t\t\t\t\t<h1 class=\"elementor-heading-title elementor-size-default\">La primera y m\u00e1s completa <span class=\"coloraicoding\">Formaci\u00f3n en codificaci\u00f3n Vibe<\/span>  Desde Brasil: Desde principiantes hasta expertos con las herramientas l\u00edderes del mercado.<\/h1>\t\t\t\t<\/div>\n\t\t\t\t<\/div>\n\t\t\t\t<div class=\"elementor-element elementor-element-4d204e7 e-n-tabs-mobile elementor-widget elementor-widget-n-tabs\" data-id=\"4d204e7\" data-element_type=\"widget\" data-e-type=\"widget\" data-widget_type=\"nested-tabs.default\">\n\t\t\t\t<div class=\"elementor-widget-container\">\n\t\t\t\t\t\t\t<div class=\"e-n-tabs\" data-widget-number=\"80872679\" aria-label=\"Pesta\u00f1as. Abre elementos con Intro o Espacio, ci\u00e9rralos con Escape y navega con las fechas.\" data-no-translation-aria-label=\"\">\n\t\t\t<div class=\"e-n-tabs-heading\" role=\"tablist\">\n\t\t\t\t\t<button id=\"e-n-tab-title-808726791\" data-tab-title-id=\"e-n-tab-title-808726791\" class=\"e-n-tab-title\" aria-selected=\"true\" data-tab-index=\"1\" role=\"tab\" tabindex=\"0\" aria-controls=\"e-n-tab-content-808726791\" style=\"--n-tabs-title-order: 1;\">\n\t\t\t\t\t\t<span class=\"e-n-tab-title-text\">\n\t\t\t\t<span class=\"coloraicoding aula-2\">Lecci\u00f3n 1<\/span> Desde nivel principiante hasta avanzado con las herramientas l\u00edderes del mercado.\t\t\t<\/span>\n\t\t<\/button>\n\t\t\t\t<button id=\"e-n-tab-title-808726792\" data-tab-title-id=\"e-n-tab-title-808726792\" class=\"e-n-tab-title\" aria-selected=\"false\" data-tab-index=\"2\" role=\"tab\" tabindex=\"-1\" aria-controls=\"e-n-tab-content-808726792\" style=\"--n-tabs-title-order: 2;\">\n\t\t\t\t\t\t<span class=\"e-n-tab-title-text\">\n\t\t\t\t<span class=\"coloraicoding aula-2\">Lecci\u00f3n 1<\/span> Desde nivel principiante hasta avanzado con las herramientas l\u00edderes del mercado.\t\t\t<\/span>\n\t\t<\/button>\n\t\t\t\t\t<\/div>\n\t\t\t<div class=\"e-n-tabs-content\">\n\t\t\t\t<div id=\"e-n-tab-content-808726791\" role=\"tabpanel\" aria-labelledby=\"e-n-tab-title-808726791\" data-tab-index=\"1\" style=\"--n-tabs-title-order: 1;\" class=\"e-active elementor-element elementor-element-45acc66 e-con-full e-flex e-con e-child\" data-id=\"45acc66\" data-element_type=\"container\" data-e-type=\"container\">\n\t\t\t\t<div class=\"elementor-element elementor-element-2ed8e7d elementor-widget__width-inherit elementor-widget elementor-widget-video\" data-id=\"2ed8e7d\" data-element_type=\"widget\" data-e-type=\"widget\" data-settings=\"{&quot;youtube_url&quot;:&quot;https:\\\/\\\/www.youtube.com\\\/watch?v=XHOmBV4js_E&quot;,&quot;video_type&quot;:&quot;youtube&quot;,&quot;controls&quot;:&quot;yes&quot;}\" data-widget_type=\"video.default\">\n\t\t\t\t<div class=\"elementor-widget-container\">\n\t\t\t\t\t\t\t<div class=\"elementor-wrapper elementor-open-inline\">\n\t\t\t<div class=\"elementor-video\"><\/div>\t\t<\/div>\n\t\t\t\t\t\t<\/div>\n\t\t\t\t<\/div>\n\t\t\t\t<div class=\"elementor-element elementor-element-55a94e0 elementor-widget__width-inherit elementor-widget-mobile__width-inherit elementor-widget-laptop__width-inherit elementor-widget elementor-widget-heading\" data-id=\"55a94e0\" data-element_type=\"widget\" data-e-type=\"widget\" data-widget_type=\"heading.default\">\n\t\t\t\t<div class=\"elementor-widget-container\">\n\t\t\t\t\t<h2 class=\"elementor-heading-title elementor-size-default\"><span class=\"coloraicoding aula\">Lecci\u00f3n 1<\/span> Desde nivel principiante hasta avanzado con las herramientas l\u00edderes del mercado.<\/h2>\t\t\t\t<\/div>\n\t\t\t\t<\/div>\n\t\t\t\t<div class=\"elementor-element elementor-element-76da84f elementor-widget__width-inherit elementor-widget-mobile__width-inherit elementor-widget-laptop__width-inherit elementor-widget elementor-widget-heading\" data-id=\"76da84f\" data-element_type=\"widget\" data-e-type=\"widget\" data-widget_type=\"heading.default\">\n\t\t\t\t<div class=\"elementor-widget-container\">\n\t\t\t\t\t<p class=\"elementor-heading-title elementor-size-default\">Con <span class=\"brancofga\">Adorable, Superbase<\/span> y <span class=\"brancofga\">N8N<\/span>, dominar\u00e1s el <span class=\"brancofga\">La nueva era de la codificaci\u00f3n Vibe:<\/span> Transformar comandos en aplicaciones de IA que realmente funcionan y generan ingresos reales.<\/p>\t\t\t\t<\/div>\n\t\t\t\t<\/div>\n\t\t\t\t<\/div>\n\t\t<div id=\"e-n-tab-content-808726792\" role=\"tabpanel\" aria-labelledby=\"e-n-tab-title-808726792\" data-tab-index=\"2\" style=\"--n-tabs-title-order: 2;\" class=\"elementor-element elementor-element-1a2488a e-con-full e-flex e-con e-child\" data-id=\"1a2488a\" data-element_type=\"container\" data-e-type=\"container\">\n\t\t\t\t<div class=\"elementor-element elementor-element-dff1fe3 elementor-widget__width-inherit elementor-widget elementor-widget-video\" data-id=\"dff1fe3\" data-element_type=\"widget\" data-e-type=\"widget\" data-settings=\"{&quot;youtube_url&quot;:&quot;https:\\\/\\\/www.youtube.com\\\/watch?v=XHOmBV4js_E&quot;,&quot;video_type&quot;:&quot;youtube&quot;,&quot;controls&quot;:&quot;yes&quot;}\" data-widget_type=\"video.default\">\n\t\t\t\t<div class=\"elementor-widget-container\">\n\t\t\t\t\t\t\t<div class=\"elementor-wrapper elementor-open-inline\">\n\t\t\t<div class=\"elementor-video\"><\/div>\t\t<\/div>\n\t\t\t\t\t\t<\/div>\n\t\t\t\t<\/div>\n\t\t\t\t<div class=\"elementor-element elementor-element-10aa2ba elementor-widget__width-inherit elementor-widget-mobile__width-inherit elementor-widget-laptop__width-inherit elementor-widget elementor-widget-heading\" data-id=\"10aa2ba\" data-element_type=\"widget\" data-e-type=\"widget\" data-widget_type=\"heading.default\">\n\t\t\t\t<div class=\"elementor-widget-container\">\n\t\t\t\t\t<h2 class=\"elementor-heading-title elementor-size-default\"><span class=\"coloraicoding aula\">Lecci\u00f3n 1<\/span> Desde nivel principiante hasta avanzado con las herramientas l\u00edderes del mercado.<\/h2>\t\t\t\t<\/div>\n\t\t\t\t<\/div>\n\t\t\t\t<div class=\"elementor-element elementor-element-adc072c elementor-widget__width-inherit elementor-widget-mobile__width-inherit elementor-widget-laptop__width-inherit elementor-widget elementor-widget-heading\" data-id=\"adc072c\" data-element_type=\"widget\" data-e-type=\"widget\" data-widget_type=\"heading.default\">\n\t\t\t\t<div class=\"elementor-widget-container\">\n\t\t\t\t\t<p class=\"elementor-heading-title elementor-size-default\">Con <span class=\"brancofga\">Adorable, Superbase<\/span> y <span class=\"brancofga\">N8N<\/span>, dominar\u00e1s el <span class=\"brancofga\">La nueva era de la codificaci\u00f3n Vibe:<\/span> Transformar comandos en aplicaciones de IA que realmente funcionan y generan ingresos reales.<\/p>\t\t\t\t<\/div>\n\t\t\t\t<\/div>\n\t\t\t\t<\/div>\n\t\t\t\t\t<\/div>\n\t\t<\/div>\n\t\t\t\t\t\t<\/div>\n\t\t\t\t<\/div>\n\t\t\t\t\t<\/div>\n\t\t\t\t<\/div>\n\t\t\t\t<\/div>","protected":false},"excerpt":{"rendered":"<p>A primeira e mais completa Forma\u00e7\u00e3o em Vibe Coding do Brasil: Do zero ao avan\u00e7ado com as principais ferramentas do mercado AULA 1 Do zero ao avan\u00e7ado com as principais ferramentas do mercado AULA 1 Do zero ao avan\u00e7ado com as principais ferramentas do mercado AULA 1 Do zero ao avan\u00e7ado com as principais ferramentas [&hellip;]<\/p>","protected":false},"author":28,"featured_media":0,"parent":0,"menu_order":0,"comment_status":"closed","ping_status":"closed","template":"elementor_canvas","meta":{"_acf_changed":false,"footnotes":""},"folder":[],"class_list":["post-33571","page","type-page","status-publish","hentry"],"acf":[],"_links":{"self":[{"href":"https:\/\/nocodestartup.io\/es\/wp-json\/wp\/v2\/pages\/33571","targetHints":{"allow":["GET"]}}],"collection":[{"href":"https:\/\/nocodestartup.io\/es\/wp-json\/wp\/v2\/pages"}],"about":[{"href":"https:\/\/nocodestartup.io\/es\/wp-json\/wp\/v2\/types\/page"}],"author":[{"embeddable":true,"href":"https:\/\/nocodestartup.io\/es\/wp-json\/wp\/v2\/users\/28"}],"replies":[{"embeddable":true,"href":"https:\/\/nocodestartup.io\/es\/wp-json\/wp\/v2\/comments?post=33571"}],"version-history":[{"count":0,"href":"https:\/\/nocodestartup.io\/es\/wp-json\/wp\/v2\/pages\/33571\/revisions"}],"wp:attachment":[{"href":"https:\/\/nocodestartup.io\/es\/wp-json\/wp\/v2\/media?parent=33571"}],"wp:term":[{"taxonomy":"folder","embeddable":true,"href":"https:\/\/nocodestartup.io\/es\/wp-json\/wp\/v2\/folder?post=33571"}],"curies":[{"name":"wp","href":"https:\/\/api.w.org\/{rel}","templated":true}]}}