{"id":4757,"date":"2023-10-14T17:41:48","date_gmt":"2023-10-14T20:41:48","guid":{"rendered":"https:\/\/nocodestartup.io\/?page_id=4757"},"modified":"2023-10-14T18:31:58","modified_gmt":"2023-10-14T21:31:58","slug":"privacidad-2","status":"publish","type":"page","link":"https:\/\/nocodestartup.io\/es\/privacidad-2\/","title":{"rendered":"Privacidad"},"content":{"rendered":"<div data-elementor-type=\"wp-page\" data-elementor-id=\"4757\" class=\"elementor elementor-4757\" data-elementor-post-type=\"page\">\n\t\t\t\t<div class=\"elementor-element elementor-element-fcb46b8 e-flex e-con-boxed e-con e-parent\" data-id=\"fcb46b8\" data-element_type=\"container\" data-e-type=\"container\" data-settings=\"{&quot;background_background&quot;:&quot;classic&quot;}\">\n\t\t\t\t\t<div class=\"e-con-inner\">\n\t\t<div class=\"elementor-element elementor-element-71e407f e-con-full e-flex e-con e-child\" data-id=\"71e407f\" data-element_type=\"container\" data-e-type=\"container\">\n\t\t\t\t<div class=\"elementor-element elementor-element-a196ae8 elementor-widget elementor-widget-image\" data-id=\"a196ae8\" data-element_type=\"widget\" data-e-type=\"widget\" data-widget_type=\"image.default\">\n\t\t\t\t<div class=\"elementor-widget-container\">\n\t\t\t\t\t\t\t\t\t\t\t\t\t\t\t<img fetchpriority=\"high\" decoding=\"async\" width=\"800\" height=\"707\" src=\"https:\/\/nocodestartup.io\/wp-content\/uploads\/2023\/10\/Privacy.svg\" class=\"attachment-large size-large wp-image-4760\" alt=\"Privacidad\" \/>\t\t\t\t\t\t\t\t\t\t\t\t\t\t\t<\/div>\n\t\t\t\t<\/div>\n\t\t\t\t<div class=\"elementor-element elementor-element-6cc5f8b elementor-widget__width-initial elementor-widget elementor-widget-heading\" data-id=\"6cc5f8b\" data-element_type=\"widget\" data-e-type=\"widget\" data-widget_type=\"heading.default\">\n\t\t\t\t<div class=\"elementor-widget-container\">\n\t\t\t\t\t<h1 class=\"elementor-heading-title elementor-size-default\">Privacidad<\/h1>\t\t\t\t<\/div>\n\t\t\t\t<\/div>\n\t\t\t\t<\/div>\n\t\t\t\t\t<\/div>\n\t\t\t\t<\/div>\n\t\t<div class=\"elementor-element elementor-element-6c376cf e-con-full e-flex e-con e-parent\" data-id=\"6c376cf\" data-element_type=\"container\" data-e-type=\"container\" data-settings=\"{&quot;sticky&quot;:&quot;top&quot;,&quot;sticky_on&quot;:[&quot;widescreen&quot;,&quot;desktop&quot;,&quot;laptop&quot;,&quot;tablet_extra&quot;,&quot;tablet&quot;,&quot;mobile_extra&quot;,&quot;mobile&quot;],&quot;sticky_offset&quot;:0,&quot;sticky_effects_offset&quot;:0,&quot;sticky_anchor_link_offset&quot;:0}\">\n\t\t\t\t<div class=\"elementor-element elementor-element-4176f5c elementor-widget elementor-widget-progress-tracker\" data-id=\"4176f5c\" data-element_type=\"widget\" data-e-type=\"widget\" data-settings=\"{&quot;relative_to&quot;:&quot;post_content&quot;,&quot;type&quot;:&quot;horizontal&quot;}\" data-widget_type=\"progress-tracker.default\">\n\t\t\t\t<div class=\"elementor-widget-container\">\n\t\t\t\t\t\n\t\t<div class=\"elementor-scrolling-tracker elementor-scrolling-tracker-horizontal elementor-scrolling-tracker-alignment-\">\n\t\t\t\t\t\t<div class=\"current-progress\">\n\t\t\t\t\t<div class=\"current-progress-percentage\"><\/div>\n\t\t\t\t<\/div>\n\t\t\t\t<\/div>\n\t\t\t\t\t\t<\/div>\n\t\t\t\t<\/div>\n\t\t\t\t<\/div>\n\t\t<div class=\"elementor-element elementor-element-1d5b5c4 e-flex e-con-boxed e-con e-parent\" data-id=\"1d5b5c4\" data-element_type=\"container\" data-e-type=\"container\" data-settings=\"{&quot;background_background&quot;:&quot;classic&quot;}\">\n\t\t\t\t\t<div class=\"e-con-inner\">\n\t\t\t\t<div class=\"elementor-element elementor-element-46ecd92 elementor-widget elementor-widget-heading\" data-id=\"46ecd92\" data-element_type=\"widget\" data-e-type=\"widget\" data-widget_type=\"heading.default\">\n\t\t\t\t<div class=\"elementor-widget-container\">\n\t\t\t\t\t<h2 class=\"elementor-heading-title elementor-size-default\">\u00c1rea de inicio privada<\/h2>\t\t\t\t<\/div>\n\t\t\t\t<\/div>\n\t\t<div class=\"elementor-element elementor-element-1e7fb28 e-flex e-con-boxed e-con e-child\" data-id=\"1e7fb28\" data-element_type=\"container\" data-e-type=\"container\">\n\t\t\t\t\t<div class=\"e-con-inner\">\n\t\t\t\t<div class=\"elementor-element elementor-element-513455d elementor-widget__width-initial elementor-widget elementor-widget-text-editor\" data-id=\"513455d\" data-element_type=\"widget\" data-e-type=\"widget\" data-widget_type=\"text-editor.default\">\n\t\t\t\t<div class=\"elementor-widget-container\">\n\t\t\t\t\t\t\t\t\t<p><span style=\"font-weight: 400;\">Nosotros desde <\/span><b>Inicio sin c\u00f3digo<\/b><span style=\"font-weight: 400;\">, \u00a1estamos comprometidos con la Privacidad y la Protecci\u00f3n de Datos! Por ello, nos comprometemos a actuar de forma \u00e9tica y legal, siguiendo las mejores pautas de Seguridad de la Informaci\u00f3n y respetando la Ley General de Protecci\u00f3n de Datos Personales (LGPD).\u00a0<\/span><\/p><p><span style=\"font-weight: 400;\">Nuestra prioridad es garantizar que todos los clientes, socios y terceros que interact\u00faan con No Code Startup est\u00e9n seguros.\u00a0\u00a0<\/span><\/p><p><span style=\"font-weight: 400;\">Para ello, contamos con diversas Pol\u00edticas de Cumplimiento y Privacidad de Datos, adem\u00e1s de invertir en la capacitaci\u00f3n de nuestros empleados, buscando crear una estructura organizacional de alta calidad y eficiencia.\u00a0<\/span><\/p><p><span style=\"font-weight: 400;\">Queremos ofrecerle el mejor servicio posible protegiendo sus datos personales de forma responsable.<\/span><\/p><p><span style=\"font-weight: 400;\">Entendemos que la Privacidad es una cuesti\u00f3n fundamental y la tomamos en serio. Queremos que se sienta seguro y confiado al interactuar con nosotros, sabiendo que sus datos est\u00e1n protegidos y que estamos comprometidos a mantener una relaci\u00f3n de confianza mutua. Estamos aqu\u00ed para cuidar tus datos personales de la mejor manera posible.<\/span><\/p>\t\t\t\t\t\t\t\t<\/div>\n\t\t\t\t<\/div>\n\t\t\t\t\t<\/div>\n\t\t\t\t<\/div>\n\t\t\t\t\t<\/div>\n\t\t\t\t<\/div>\n\t\t<div class=\"elementor-element elementor-element-871e85b e-flex e-con-boxed e-con e-parent\" data-id=\"871e85b\" data-element_type=\"container\" data-e-type=\"container\" data-settings=\"{&quot;background_background&quot;:&quot;classic&quot;}\">\n\t\t\t\t\t<div class=\"e-con-inner\">\n\t\t<div class=\"elementor-element elementor-element-f4c4ecd e-flex e-con-boxed e-con e-child\" data-id=\"f4c4ecd\" data-element_type=\"container\" data-e-type=\"container\">\n\t\t\t\t\t<div class=\"e-con-inner\">\n\t\t\t\t<div class=\"elementor-element elementor-element-b4edde9 elementor-widget__width-initial elementor-widget elementor-widget-image\" data-id=\"b4edde9\" data-element_type=\"widget\" data-e-type=\"widget\" data-widget_type=\"image.default\">\n\t\t\t\t<div class=\"elementor-widget-container\">\n\t\t\t\t\t\t\t\t\t\t\t\t\t\t\t<img decoding=\"async\" width=\"800\" height=\"800\" src=\"https:\/\/nocodestartup.io\/wp-content\/uploads\/2023\/04\/como-criar-uma-startup-1024x1024.png\" class=\"attachment-large size-large wp-image-4204\" alt=\"c\u00f3mo crear una startup\" srcset=\"https:\/\/nocodestartup.io\/wp-content\/uploads\/2023\/04\/como-criar-uma-startup-1024x1024.png 1024w, https:\/\/nocodestartup.io\/wp-content\/uploads\/2023\/04\/como-criar-uma-startup-768x768.png 768w, https:\/\/nocodestartup.io\/wp-content\/uploads\/2023\/04\/como-criar-uma-startup-12x12.png 12w, https:\/\/nocodestartup.io\/wp-content\/uploads\/2023\/04\/como-criar-uma-startup.png 1080w\" sizes=\"(max-width: 800px) 100vw, 800px\" \/>\t\t\t\t\t\t\t\t\t\t\t\t\t\t\t<\/div>\n\t\t\t\t<\/div>\n\t\t\t\t\t<\/div>\n\t\t\t\t<\/div>\n\t\t<div class=\"elementor-element elementor-element-8a944df e-con-full e-flex e-con e-child\" data-id=\"8a944df\" data-element_type=\"container\" data-e-type=\"container\">\n\t\t\t\t<div class=\"elementor-element elementor-element-c87bbb6 elementor-widget elementor-widget-heading\" data-id=\"c87bbb6\" data-element_type=\"widget\" data-e-type=\"widget\" data-widget_type=\"heading.default\">\n\t\t\t\t<div class=\"elementor-widget-container\">\n\t\t\t\t\t<h2 class=\"elementor-heading-title elementor-size-default\">\u00bfDe qui\u00e9n son los datos personales que posee NoCode StartUp?<\/h2>\t\t\t\t<\/div>\n\t\t\t\t<\/div>\n\t\t\t\t<div class=\"elementor-element elementor-element-7e7f6e7 elementor-widget__width-initial elementor-widget elementor-widget-text-editor\" data-id=\"7e7f6e7\" data-element_type=\"widget\" data-e-type=\"widget\" data-widget_type=\"text-editor.default\">\n\t\t\t\t<div class=\"elementor-widget-container\">\n\t\t\t\t\t\t\t\t\t<p><span style=\"font-weight: 400;\">Contamos con informaci\u00f3n personal de dos principales titulares de datos: Clientes (recordando que, en el caso de una Persona Jur\u00eddica, nos referimos a los datos personales del representante legal) y nuestros Empleados.\u00a0<\/span><\/p>\t\t\t\t\t\t\t\t<\/div>\n\t\t\t\t<\/div>\n\t\t\t\t<\/div>\n\t\t\t\t\t<\/div>\n\t\t\t\t<\/div>\n\t\t<div class=\"elementor-element elementor-element-0212871 e-flex e-con-boxed e-con e-parent\" data-id=\"0212871\" data-element_type=\"container\" data-e-type=\"container\" data-settings=\"{&quot;background_background&quot;:&quot;classic&quot;}\">\n\t\t\t\t\t<div class=\"e-con-inner\">\n\t\t<div class=\"elementor-element elementor-element-455d447 e-flex e-con-boxed e-con e-child\" data-id=\"455d447\" data-element_type=\"container\" data-e-type=\"container\">\n\t\t\t\t\t<div class=\"e-con-inner\">\n\t\t\t\t<div class=\"elementor-element elementor-element-39bab95 elementor-widget__width-initial elementor-widget elementor-widget-image\" data-id=\"39bab95\" data-element_type=\"widget\" data-e-type=\"widget\" data-widget_type=\"image.default\">\n\t\t\t\t<div class=\"elementor-widget-container\">\n\t\t\t\t\t\t\t\t\t\t\t\t\t\t\t<img decoding=\"async\" width=\"800\" height=\"800\" src=\"https:\/\/nocodestartup.io\/wp-content\/uploads\/2022\/12\/o-que-e-saas1-1024x1024.png\" class=\"attachment-large size-large wp-image-4203\" alt=\"\u00bfQu\u00e9 es saas1?\" srcset=\"https:\/\/nocodestartup.io\/wp-content\/uploads\/2022\/12\/o-que-e-saas1-1024x1024.png 1024w, https:\/\/nocodestartup.io\/wp-content\/uploads\/2022\/12\/o-que-e-saas1-768x768.png 768w, https:\/\/nocodestartup.io\/wp-content\/uploads\/2022\/12\/o-que-e-saas1-12x12.png 12w, https:\/\/nocodestartup.io\/wp-content\/uploads\/2022\/12\/o-que-e-saas1.png 1080w\" sizes=\"(max-width: 800px) 100vw, 800px\" \/>\t\t\t\t\t\t\t\t\t\t\t\t\t\t\t<\/div>\n\t\t\t\t<\/div>\n\t\t\t\t\t<\/div>\n\t\t\t\t<\/div>\n\t\t<div class=\"elementor-element elementor-element-f5fa9fe e-flex e-con-boxed e-con e-child\" data-id=\"f5fa9fe\" data-element_type=\"container\" data-e-type=\"container\">\n\t\t\t\t\t<div class=\"e-con-inner\">\n\t\t\t\t<div class=\"elementor-element elementor-element-bfd42f1 elementor-widget elementor-widget-heading\" data-id=\"bfd42f1\" data-element_type=\"widget\" data-e-type=\"widget\" data-widget_type=\"heading.default\">\n\t\t\t\t<div class=\"elementor-widget-container\">\n\t\t\t\t\t<h2 class=\"elementor-heading-title elementor-size-default\">\u00bfPor qu\u00e9 NoCode StartUp utiliza datos personales?<\/h2>\t\t\t\t<\/div>\n\t\t\t\t<\/div>\n\t\t\t\t<div class=\"elementor-element elementor-element-5e538f4 elementor-widget elementor-widget-text-editor\" data-id=\"5e538f4\" data-element_type=\"widget\" data-e-type=\"widget\" data-widget_type=\"text-editor.default\">\n\t\t\t\t<div class=\"elementor-widget-container\">\n\t\t\t\t\t\t\t\t\t<p><span style=\"font-weight: 400;\">Necesitamos los datos personales de los clientes y de nuestros socios para consolidar nuestra relaci\u00f3n, formalizar contratos y enviar art\u00edculos publicitarios a quienes lo deseen, as\u00ed como para responder y mantener contacto con quienes nos buscan en el sitio web o en las redes sociales.<\/span><\/p><p><span style=\"font-weight: 400;\">Por eso, trabajamos d\u00eda y noche para ofrecerte el mejor producto y la mejor experiencia de servicio, para garantizarte una satisfacci\u00f3n total.\u00a0<\/span><\/p><p><span style=\"font-weight: 400;\">Cuando hablamos de protecci\u00f3n de la privacidad, esto implica un compromiso con la seguridad de sus datos y el respeto a su privacidad, pero tambi\u00e9n un compromiso por nuestra parte de que usted tiene el control de su informaci\u00f3n personal.<\/span><\/p><p><span style=\"font-weight: 400;\">Si ya eres nuestro socio o cliente, accede tambi\u00e9n a nuestra <a href=\"https:\/\/nocodestartup.io\/es\/aviso-de-privacidad-2\/\">AVISO DE PRIVACIDAD<\/a>.<\/span><\/p>\t\t\t\t\t\t\t\t<\/div>\n\t\t\t\t<\/div>\n\t\t\t\t\t<\/div>\n\t\t\t\t<\/div>\n\t\t\t\t\t<\/div>\n\t\t\t\t<\/div>\n\t\t<div class=\"elementor-element elementor-element-12af494 e-flex e-con-boxed e-con e-parent\" data-id=\"12af494\" data-element_type=\"container\" data-e-type=\"container\" data-settings=\"{&quot;background_background&quot;:&quot;classic&quot;}\">\n\t\t\t\t\t<div class=\"e-con-inner\">\n\t\t<div class=\"elementor-element elementor-element-0aceedf e-flex e-con-boxed e-con e-child\" data-id=\"0aceedf\" data-element_type=\"container\" data-e-type=\"container\">\n\t\t\t\t\t<div class=\"e-con-inner\">\n\t\t\t\t<div class=\"elementor-element elementor-element-4d3d62a elementor-widget__width-initial elementor-widget elementor-widget-image\" data-id=\"4d3d62a\" data-element_type=\"widget\" data-e-type=\"widget\" data-widget_type=\"image.default\">\n\t\t\t\t<div class=\"elementor-widget-container\">\n\t\t\t\t\t\t\t\t\t\t\t\t\t\t\t<img loading=\"lazy\" decoding=\"async\" width=\"800\" height=\"800\" src=\"https:\/\/nocodestartup.io\/wp-content\/uploads\/2023\/09\/Como-vai-ser-o-futuro-da-programacao-1024x1024.png\" class=\"attachment-large size-large wp-image-4541\" alt=\"\u00bfC\u00f3mo ser\u00e1 el futuro de la programaci\u00f3n?\" srcset=\"https:\/\/nocodestartup.io\/wp-content\/uploads\/2023\/09\/Como-vai-ser-o-futuro-da-programacao-1024x1024.png 1024w, https:\/\/nocodestartup.io\/wp-content\/uploads\/2023\/09\/Como-vai-ser-o-futuro-da-programacao-768x768.png 768w, https:\/\/nocodestartup.io\/wp-content\/uploads\/2023\/09\/Como-vai-ser-o-futuro-da-programacao-1536x1536.png 1536w, https:\/\/nocodestartup.io\/wp-content\/uploads\/2023\/09\/Como-vai-ser-o-futuro-da-programacao-12x12.png 12w, https:\/\/nocodestartup.io\/wp-content\/uploads\/2023\/09\/Como-vai-ser-o-futuro-da-programacao.png 2000w\" sizes=\"(max-width: 800px) 100vw, 800px\" \/>\t\t\t\t\t\t\t\t\t\t\t\t\t\t\t<\/div>\n\t\t\t\t<\/div>\n\t\t\t\t\t<\/div>\n\t\t\t\t<\/div>\n\t\t<div class=\"elementor-element elementor-element-1dc1e0b e-con-full e-flex e-con e-child\" data-id=\"1dc1e0b\" data-element_type=\"container\" data-e-type=\"container\">\n\t\t\t\t<div class=\"elementor-element elementor-element-85b5c9a elementor-widget elementor-widget-heading\" data-id=\"85b5c9a\" data-element_type=\"widget\" data-e-type=\"widget\" data-widget_type=\"heading.default\">\n\t\t\t\t<div class=\"elementor-widget-container\">\n\t\t\t\t\t<h2 class=\"elementor-heading-title elementor-size-default\">\u00bfCu\u00e1les son tus derechos y c\u00f3mo solicitarlos?<\/h2>\t\t\t\t<\/div>\n\t\t\t\t<\/div>\n\t\t\t\t<div class=\"elementor-element elementor-element-d643729 elementor-widget elementor-widget-text-editor\" data-id=\"d643729\" data-element_type=\"widget\" data-e-type=\"widget\" data-widget_type=\"text-editor.default\">\n\t\t\t\t<div class=\"elementor-widget-container\">\n\t\t\t\t\t\t\t\t\t<p><span style=\"font-weight: 400;\">Con el <\/span><b>Inicio sin c\u00f3digo<\/b><span style=\"font-weight: 400;\"> \u00a1Tienes tus derechos totalmente garantizados! Seg\u00fan la Ley General de Protecci\u00f3n de Datos Personales (LGPD), los interesados podr\u00e1n solicitar una serie de informaciones.<\/span><\/p><p><span style=\"font-weight: 400;\">Para garantizar tus derechos, creamos el correo electr\u00f3nico <\/span><a href=\"mailto:neto@nocodestartup.io\"><span style=\"font-weight: 400;\">privacidad@nocodestartup.io<\/span><\/a><span style=\"font-weight: 400;\">, para que puedas contactar con nuestro responsable del tratamiento de datos personales!<\/span><\/p><p><span style=\"font-weight: 400;\">Adem\u00e1s, podr\u00e1 solicitar informaci\u00f3n y derechos directamente a trav\u00e9s de nuestro formulario de Solicitud de Titular. <\/span><\/p>\t\t\t\t\t\t\t\t<\/div>\n\t\t\t\t<\/div>\n\t\t\t\t<\/div>\n\t\t\t\t\t<\/div>\n\t\t\t\t<\/div>\n\t\t<div class=\"elementor-element elementor-element-41e0a9e e-flex e-con-boxed e-con e-parent\" data-id=\"41e0a9e\" data-element_type=\"container\" data-e-type=\"container\" data-settings=\"{&quot;background_background&quot;:&quot;classic&quot;}\">\n\t\t\t\t\t<div class=\"e-con-inner\">\n\t\t\t\t<div class=\"elementor-element elementor-element-b47a7f1 elementor-widget elementor-widget-heading\" data-id=\"b47a7f1\" data-element_type=\"widget\" data-e-type=\"widget\" data-widget_type=\"heading.default\">\n\t\t\t\t<div class=\"elementor-widget-container\">\n\t\t\t\t\t<p class=\"elementor-heading-title elementor-size-default\">Contacto<\/p>\t\t\t\t<\/div>\n\t\t\t\t<\/div>\n\t\t\t\t<div class=\"elementor-element elementor-element-ef49ec3 elementor-widget elementor-widget-heading\" data-id=\"ef49ec3\" data-element_type=\"widget\" data-e-type=\"widget\" data-widget_type=\"heading.default\">\n\t\t\t\t<div class=\"elementor-widget-container\">\n\t\t\t\t\t<h2 class=\"elementor-heading-title elementor-size-default\">H\u00e1blanos<\/h2>\t\t\t\t<\/div>\n\t\t\t\t<\/div>\n\t\t<div class=\"elementor-element elementor-element-9841878 e-flex e-con-boxed e-con e-child\" data-id=\"9841878\" data-element_type=\"container\" data-e-type=\"container\">\n\t\t\t\t\t<div class=\"e-con-inner\">\n\t\t<div class=\"elementor-element elementor-element-4c220d7 e-flex e-con-boxed e-con e-child\" data-id=\"4c220d7\" data-element_type=\"container\" data-e-type=\"container\" data-settings=\"{&quot;background_background&quot;:&quot;classic&quot;}\">\n\t\t\t\t\t<div class=\"e-con-inner\">\n\t\t\t\t<div class=\"elementor-element elementor-element-d50c859 elementor-widget elementor-widget-text-editor\" data-id=\"d50c859\" data-element_type=\"widget\" data-e-type=\"widget\" data-widget_type=\"text-editor.default\">\n\t\t\t\t<div class=\"elementor-widget-container\">\n\t\t\t\t\t\t\t\t\t<p><span style=\"font-weight: 400;\">Para hablar con un representante de <\/span><b>Inicio sin c\u00f3digo<\/b><span style=\"font-weight: 400;\"> Es muy sencillo, s\u00f3lo ponte en contacto directamente con nuestro <a href=\"https:\/\/nocodestartup.io\/es\/contacto-2\/\">canal de servicio<\/a> disponible en nuestro sitio web o directamente con nuestro l\u00edder de privacidad (administrador de datos), v\u00eda correo electr\u00f3nico: <\/span><a href=\"mailto:neto@nocodestartup.io\"><span style=\"font-weight: 400;\">privacidad@nocodestartup.io<\/span><\/a><span style=\"font-weight: 400;\">.<\/span><\/p>\t\t\t\t\t\t\t\t<\/div>\n\t\t\t\t<\/div>\n\t\t\t\t\t<\/div>\n\t\t\t\t<\/div>\n\t\t\t\t\t<\/div>\n\t\t\t\t<\/div>\n\t\t\t\t\t<\/div>\n\t\t\t\t<\/div>\n\t\t\t\t<\/div>","protected":false},"excerpt":{"rendered":"<p>Privacidad Inicio \u00c1rea de Privacidad \u00a1Nosotros, en No Code Startup, estamos comprometidos con la Privacidad y la Protecci\u00f3n de Datos! Por ello, nos comprometemos a actuar de forma \u00e9tica y legal, siguiendo las mejores pautas de Seguridad de la Informaci\u00f3n y respetando la Ley General de Protecci\u00f3n de Datos Personales (LGPD). Nuestra prioridad es garantizar [\u2026]<\/p>","protected":false},"author":4,"featured_media":0,"parent":0,"menu_order":0,"comment_status":"closed","ping_status":"closed","template":"","meta":{"_acf_changed":false,"footnotes":""},"folder":[92],"class_list":["post-4757","page","type-page","status-publish","hentry"],"acf":[],"_links":{"self":[{"href":"https:\/\/nocodestartup.io\/es\/wp-json\/wp\/v2\/pages\/4757","targetHints":{"allow":["GET"]}}],"collection":[{"href":"https:\/\/nocodestartup.io\/es\/wp-json\/wp\/v2\/pages"}],"about":[{"href":"https:\/\/nocodestartup.io\/es\/wp-json\/wp\/v2\/types\/page"}],"author":[{"embeddable":true,"href":"https:\/\/nocodestartup.io\/es\/wp-json\/wp\/v2\/users\/4"}],"replies":[{"embeddable":true,"href":"https:\/\/nocodestartup.io\/es\/wp-json\/wp\/v2\/comments?post=4757"}],"version-history":[{"count":0,"href":"https:\/\/nocodestartup.io\/es\/wp-json\/wp\/v2\/pages\/4757\/revisions"}],"wp:attachment":[{"href":"https:\/\/nocodestartup.io\/es\/wp-json\/wp\/v2\/media?parent=4757"}],"wp:term":[{"taxonomy":"folder","embeddable":true,"href":"https:\/\/nocodestartup.io\/es\/wp-json\/wp\/v2\/folder?post=4757"}],"curies":[{"name":"wp","href":"https:\/\/api.w.org\/{rel}","templated":true}]}}